{"id":3770,"date":"2024-12-03T12:50:53","date_gmt":"2024-12-03T12:50:53","guid":{"rendered":"https:\/\/oohelk.ee\/product\/heijastavat-korvakorut-kaarme\/"},"modified":"2025-11-14T14:52:33","modified_gmt":"2025-11-14T14:52:33","slug":"heijastavat-korvakorut-kaarme","status":"publish","type":"product","link":"https:\/\/oohelk.ee\/fi\/tuote\/heijastavat-korvakorut-kaarme\/","title":{"rendered":"Heijastavat Korvakorut \"K\u00e4\u00e4rme\""},"content":{"rendered":"<p>\u00d6\u00d6HELKin k\u00e4\u00e4rme-designin korvakorut ovat elegantti valinta, joka yhdist\u00e4\u00e4 k\u00e4yt\u00e4nn\u00f6llisyyden ja tyylin. Ne on valmistettu kierr\u00e4tetyst\u00e4 pleksilasista ja p\u00e4\u00e4llystetty heijastavalla pinnalla, joka tekee sinusta n\u00e4kyv\u00e4n pime\u00e4ss\u00e4. Geometrinen k\u00e4\u00e4rmemuoto tuo koruihin ainutlaatuista persoonallisuutta. Korvakorujen tapit ovat kirurginter\u00e4st\u00e4 ja sopivat herk\u00e4lle iholle.<br \/>Saatavilla kahdessa koossa \u2013 valitse juuri sinun tyyliisi sopiva pari.      <\/p>\n","protected":false},"excerpt":{"rendered":"<p>\u00d6\u00d6HELKin korvakorut on valmistettu kierr\u00e4tetyst\u00e4 pleksilasista ja p\u00e4\u00e4llystetty EU-standardien mukaisella heijastavalla pinnalla.<br \/>Saatavilla kahdessa koossa \u2013 suuret ja pienet. Korvakorujen tapit ovat kirurginter\u00e4st\u00e4.  <\/p>\n","protected":false},"featured_media":3148,"template":"","meta":{"site-sidebar-layout":"default","site-content-layout":"","ast-site-content-layout":"default","site-content-style":"default","site-sidebar-style":"default","ast-global-header-display":"","ast-banner-title-visibility":"","ast-main-header-display":"","ast-hfb-above-header-display":"","ast-hfb-below-header-display":"","ast-hfb-mobile-header-display":"","site-post-title":"","ast-breadcrumbs-content":"","ast-featured-img":"","footer-sml-layout":"","ast-disable-related-posts":"","theme-transparent-header-meta":"default","adv-header-id-meta":"","stick-header-meta":"","header-above-stick-meta":"","header-main-stick-meta":"","header-below-stick-meta":"","astra-migrate-meta-layouts":"default","ast-page-background-enabled":"default","ast-page-background-meta":{"desktop":{"background-color":"var(--ast-global-color-4)","background-image":"","background-repeat":"repeat","background-position":"center center","background-size":"auto","background-attachment":"scroll","background-type":"","background-media":"","overlay-type":"","overlay-color":"","overlay-opacity":"","overlay-gradient":""},"tablet":{"background-color":"","background-image":"","background-repeat":"repeat","background-position":"center center","background-size":"auto","background-attachment":"scroll","background-type":"","background-media":"","overlay-type":"","overlay-color":"","overlay-opacity":"","overlay-gradient":""},"mobile":{"background-color":"","background-image":"","background-repeat":"repeat","background-position":"center center","background-size":"auto","background-attachment":"scroll","background-type":"","background-media":"","overlay-type":"","overlay-color":"","overlay-opacity":"","overlay-gradient":""}},"ast-content-background-meta":{"desktop":{"background-color":"var(--ast-global-color-5)","background-image":"","background-repeat":"repeat","background-position":"center center","background-size":"auto","background-attachment":"scroll","background-type":"","background-media":"","overlay-type":"","overlay-color":"","overlay-opacity":"","overlay-gradient":""},"tablet":{"background-color":"var(--ast-global-color-5)","background-image":"","background-repeat":"repeat","background-position":"center center","background-size":"auto","background-attachment":"scroll","background-type":"","background-media":"","overlay-type":"","overlay-color":"","overlay-opacity":"","overlay-gradient":""},"mobile":{"background-color":"var(--ast-global-color-5)","background-image":"","background-repeat":"repeat","background-position":"center center","background-size":"auto","background-attachment":"scroll","background-type":"","background-media":"","overlay-type":"","overlay-color":"","overlay-opacity":"","overlay-gradient":""}}},"product_brand":[],"product_cat":[56],"product_tag":[],"class_list":{"0":"post-3770","1":"product","2":"type-product","3":"status-publish","4":"has-post-thumbnail","6":"product_cat-korvakorut","7":"desktop-align-center","8":"tablet-align-left","9":"mobile-align-left","11":"first","12":"instock","13":"sale","14":"shipping-taxable","15":"purchasable","16":"product-type-variable"},"supplier_id":null,"supplier_sku":"","barcode":null,"atum_controlled":true,"out_stock_date":null,"out_stock_threshold":null,"inheritable":true,"inbound_stock":null,"stock_on_hold":0,"sold_today":0,"sales_last_days":0,"reserved_stock":null,"customer_returns":null,"warehouse_damage":null,"lost_in_post":null,"other_logs":null,"out_stock_days":0,"lost_sales":0,"has_location":false,"update_date":"2026-04-16T00:34:45","atum_locations":[],"atum_stock_status":"instock","restock_status":false,"low_stock_amount":"","sales_update_date":"2026-04-16T00:34:45","calc_backorders":null,"yoast_head":"<!-- This site is optimized with the Yoast SEO plugin v27.4 - https:\/\/yoast.com\/product\/yoast-seo-wordpress\/ -->\n<title>Heijastavat Korvakorut &quot;K\u00e4\u00e4rme&quot; - \u00d6\u00d6HELK Heijastimet<\/title>\n<meta name=\"description\" content=\"\u00d6\u00d6HELK geometriset k\u00e4\u00e4rme-designin korvakorut.Virolaista k\u00e4sity\u00f6t\u00e4 ja designia \u2013 valmistettu kierr\u00e4tetyst\u00e4 pleksilasista ja p\u00e4\u00e4llystetty heijastavalla pinnalla.\" \/>\n<meta name=\"robots\" content=\"index, follow, max-snippet:-1, max-image-preview:large, max-video-preview:-1\" \/>\n<link rel=\"canonical\" href=\"https:\/\/oohelk.ee\/fi\/tuote\/heijastavat-korvakorut-kaarme\/\" \/>\n<meta property=\"og:locale\" content=\"fi_FI\" \/>\n<meta property=\"og:type\" content=\"article\" \/>\n<meta property=\"og:title\" content=\"Heijastavat Korvakorut &quot;K\u00e4\u00e4rme&quot; - \u00d6\u00d6HELK Heijastimet\" \/>\n<meta property=\"og:description\" content=\"\u00d6\u00d6HELK geometriset k\u00e4\u00e4rme-designin korvakorut.Virolaista k\u00e4sity\u00f6t\u00e4 ja designia \u2013 valmistettu kierr\u00e4tetyst\u00e4 pleksilasista ja p\u00e4\u00e4llystetty heijastavalla pinnalla.\" \/>\n<meta property=\"og:url\" content=\"https:\/\/oohelk.ee\/fi\/tuote\/heijastavat-korvakorut-kaarme\/\" \/>\n<meta property=\"og:site_name\" content=\"\u00d6\u00d6HELK Heijastimet\" \/>\n<meta property=\"article:modified_time\" content=\"2025-11-14T14:52:33+00:00\" \/>\n<meta property=\"og:image\" content=\"https:\/\/oohelk.ee\/wp-content\/uploads\/2024\/12\/DSC_1478-scaled.jpg\" \/>\n\t<meta property=\"og:image:width\" content=\"2560\" \/>\n\t<meta property=\"og:image:height\" content=\"2560\" \/>\n\t<meta property=\"og:image:type\" content=\"image\/jpeg\" \/>\n<meta name=\"twitter:card\" content=\"summary_large_image\" \/>\n<script type=\"application\/ld+json\" class=\"yoast-schema-graph\">{\"@context\":\"https:\\\/\\\/schema.org\",\"@graph\":[{\"@type\":\"WebPage\",\"@id\":\"https:\\\/\\\/oohelk.ee\\\/fi\\\/tuote\\\/heijastavat-korvakorut-kaarme\\\/\",\"url\":\"https:\\\/\\\/oohelk.ee\\\/fi\\\/tuote\\\/heijastavat-korvakorut-kaarme\\\/\",\"name\":\"Heijastavat Korvakorut \\\"K\u00e4\u00e4rme\\\" - \u00d6\u00d6HELK Heijastimet\",\"isPartOf\":{\"@id\":\"https:\\\/\\\/oohelk.ee\\\/fi\\\/#website\"},\"primaryImageOfPage\":{\"@id\":\"https:\\\/\\\/oohelk.ee\\\/fi\\\/tuote\\\/heijastavat-korvakorut-kaarme\\\/#primaryimage\"},\"image\":{\"@id\":\"https:\\\/\\\/oohelk.ee\\\/fi\\\/tuote\\\/heijastavat-korvakorut-kaarme\\\/#primaryimage\"},\"thumbnailUrl\":\"https:\\\/\\\/oohelk.ee\\\/wp-content\\\/uploads\\\/2024\\\/12\\\/DSC_1478-scaled.jpg\",\"datePublished\":\"2024-12-03T12:50:53+00:00\",\"dateModified\":\"2025-11-14T14:52:33+00:00\",\"description\":\"\u00d6\u00d6HELK geometriset k\u00e4\u00e4rme-designin korvakorut.Virolaista k\u00e4sity\u00f6t\u00e4 ja designia \u2013 valmistettu kierr\u00e4tetyst\u00e4 pleksilasista ja p\u00e4\u00e4llystetty heijastavalla pinnalla.\",\"breadcrumb\":{\"@id\":\"https:\\\/\\\/oohelk.ee\\\/fi\\\/tuote\\\/heijastavat-korvakorut-kaarme\\\/#breadcrumb\"},\"inLanguage\":\"fi\",\"potentialAction\":[{\"@type\":\"ReadAction\",\"target\":[\"https:\\\/\\\/oohelk.ee\\\/fi\\\/tuote\\\/heijastavat-korvakorut-kaarme\\\/\"]}]},{\"@type\":\"ImageObject\",\"inLanguage\":\"fi\",\"@id\":\"https:\\\/\\\/oohelk.ee\\\/fi\\\/tuote\\\/heijastavat-korvakorut-kaarme\\\/#primaryimage\",\"url\":\"https:\\\/\\\/oohelk.ee\\\/wp-content\\\/uploads\\\/2024\\\/12\\\/DSC_1478-scaled.jpg\",\"contentUrl\":\"https:\\\/\\\/oohelk.ee\\\/wp-content\\\/uploads\\\/2024\\\/12\\\/DSC_1478-scaled.jpg\",\"width\":2560,\"height\":2560,\"caption\":\"\u00d6\u00d6HELK k\u00e4\u00e4rme-korvakorut \u2013 kest\u00e4v\u00e4 design, joka tuo ilmeeseen luonnetta.\"},{\"@type\":\"BreadcrumbList\",\"@id\":\"https:\\\/\\\/oohelk.ee\\\/fi\\\/tuote\\\/heijastavat-korvakorut-kaarme\\\/#breadcrumb\",\"itemListElement\":[{\"@type\":\"ListItem\",\"position\":1,\"name\":\"Home\",\"item\":\"https:\\\/\\\/oohelk.ee\\\/fi\\\/\"},{\"@type\":\"ListItem\",\"position\":2,\"name\":\"Kauppa\",\"item\":\"https:\\\/\\\/oohelk.ee\\\/fi\\\/kauppa\\\/\"},{\"@type\":\"ListItem\",\"position\":3,\"name\":\"Heijastavat Korvakorut \\\"K\u00e4\u00e4rme\\\"\"}]},{\"@type\":\"WebSite\",\"@id\":\"https:\\\/\\\/oohelk.ee\\\/fi\\\/#website\",\"url\":\"https:\\\/\\\/oohelk.ee\\\/fi\\\/\",\"name\":\"\u00d6\u00d6HELK Heijastimet\",\"description\":\"\",\"publisher\":{\"@id\":\"https:\\\/\\\/oohelk.ee\\\/fi\\\/#organization\"},\"potentialAction\":[{\"@type\":\"SearchAction\",\"target\":{\"@type\":\"EntryPoint\",\"urlTemplate\":\"https:\\\/\\\/oohelk.ee\\\/fi\\\/?s={search_term_string}\"},\"query-input\":{\"@type\":\"PropertyValueSpecification\",\"valueRequired\":true,\"valueName\":\"search_term_string\"}}],\"inLanguage\":\"fi\"},{\"@type\":\"Organization\",\"@id\":\"https:\\\/\\\/oohelk.ee\\\/fi\\\/#organization\",\"name\":\"\u00d6\u00d6HELK Heijastimet\",\"url\":\"https:\\\/\\\/oohelk.ee\\\/fi\\\/\",\"logo\":{\"@type\":\"ImageObject\",\"inLanguage\":\"fi\",\"@id\":\"https:\\\/\\\/oohelk.ee\\\/fi\\\/#\\\/schema\\\/logo\\\/image\\\/\",\"url\":\"https:\\\/\\\/oohelk.ee\\\/wp-content\\\/uploads\\\/2023\\\/08\\\/OOHELK-LOGO-VALGE.png\",\"contentUrl\":\"https:\\\/\\\/oohelk.ee\\\/wp-content\\\/uploads\\\/2023\\\/08\\\/OOHELK-LOGO-VALGE.png\",\"width\":1000,\"height\":1000,\"caption\":\"\u00d6\u00d6HELK Heijastimet\"},\"image\":{\"@id\":\"https:\\\/\\\/oohelk.ee\\\/fi\\\/#\\\/schema\\\/logo\\\/image\\\/\"}}]}<\/script>\n<!-- \/ Yoast SEO plugin. -->","yoast_head_json":{"title":"Heijastavat Korvakorut \"K\u00e4\u00e4rme\" - \u00d6\u00d6HELK Heijastimet","description":"\u00d6\u00d6HELK geometriset k\u00e4\u00e4rme-designin korvakorut.Virolaista k\u00e4sity\u00f6t\u00e4 ja designia \u2013 valmistettu kierr\u00e4tetyst\u00e4 pleksilasista ja p\u00e4\u00e4llystetty heijastavalla pinnalla.","robots":{"index":"index","follow":"follow","max-snippet":"max-snippet:-1","max-image-preview":"max-image-preview:large","max-video-preview":"max-video-preview:-1"},"canonical":"https:\/\/oohelk.ee\/fi\/tuote\/heijastavat-korvakorut-kaarme\/","og_locale":"fi_FI","og_type":"article","og_title":"Heijastavat Korvakorut \"K\u00e4\u00e4rme\" - \u00d6\u00d6HELK Heijastimet","og_description":"\u00d6\u00d6HELK geometriset k\u00e4\u00e4rme-designin korvakorut.Virolaista k\u00e4sity\u00f6t\u00e4 ja designia \u2013 valmistettu kierr\u00e4tetyst\u00e4 pleksilasista ja p\u00e4\u00e4llystetty heijastavalla pinnalla.","og_url":"https:\/\/oohelk.ee\/fi\/tuote\/heijastavat-korvakorut-kaarme\/","og_site_name":"\u00d6\u00d6HELK Heijastimet","article_modified_time":"2025-11-14T14:52:33+00:00","og_image":[{"width":2560,"height":2560,"url":"https:\/\/oohelk.ee\/wp-content\/uploads\/2024\/12\/DSC_1478-scaled.jpg","type":"image\/jpeg"}],"twitter_card":"summary_large_image","schema":{"@context":"https:\/\/schema.org","@graph":[{"@type":"WebPage","@id":"https:\/\/oohelk.ee\/fi\/tuote\/heijastavat-korvakorut-kaarme\/","url":"https:\/\/oohelk.ee\/fi\/tuote\/heijastavat-korvakorut-kaarme\/","name":"Heijastavat Korvakorut \"K\u00e4\u00e4rme\" - \u00d6\u00d6HELK Heijastimet","isPartOf":{"@id":"https:\/\/oohelk.ee\/fi\/#website"},"primaryImageOfPage":{"@id":"https:\/\/oohelk.ee\/fi\/tuote\/heijastavat-korvakorut-kaarme\/#primaryimage"},"image":{"@id":"https:\/\/oohelk.ee\/fi\/tuote\/heijastavat-korvakorut-kaarme\/#primaryimage"},"thumbnailUrl":"https:\/\/oohelk.ee\/wp-content\/uploads\/2024\/12\/DSC_1478-scaled.jpg","datePublished":"2024-12-03T12:50:53+00:00","dateModified":"2025-11-14T14:52:33+00:00","description":"\u00d6\u00d6HELK geometriset k\u00e4\u00e4rme-designin korvakorut.Virolaista k\u00e4sity\u00f6t\u00e4 ja designia \u2013 valmistettu kierr\u00e4tetyst\u00e4 pleksilasista ja p\u00e4\u00e4llystetty heijastavalla pinnalla.","breadcrumb":{"@id":"https:\/\/oohelk.ee\/fi\/tuote\/heijastavat-korvakorut-kaarme\/#breadcrumb"},"inLanguage":"fi","potentialAction":[{"@type":"ReadAction","target":["https:\/\/oohelk.ee\/fi\/tuote\/heijastavat-korvakorut-kaarme\/"]}]},{"@type":"ImageObject","inLanguage":"fi","@id":"https:\/\/oohelk.ee\/fi\/tuote\/heijastavat-korvakorut-kaarme\/#primaryimage","url":"https:\/\/oohelk.ee\/wp-content\/uploads\/2024\/12\/DSC_1478-scaled.jpg","contentUrl":"https:\/\/oohelk.ee\/wp-content\/uploads\/2024\/12\/DSC_1478-scaled.jpg","width":2560,"height":2560,"caption":"\u00d6\u00d6HELK k\u00e4\u00e4rme-korvakorut \u2013 kest\u00e4v\u00e4 design, joka tuo ilmeeseen luonnetta."},{"@type":"BreadcrumbList","@id":"https:\/\/oohelk.ee\/fi\/tuote\/heijastavat-korvakorut-kaarme\/#breadcrumb","itemListElement":[{"@type":"ListItem","position":1,"name":"Home","item":"https:\/\/oohelk.ee\/fi\/"},{"@type":"ListItem","position":2,"name":"Kauppa","item":"https:\/\/oohelk.ee\/fi\/kauppa\/"},{"@type":"ListItem","position":3,"name":"Heijastavat Korvakorut \"K\u00e4\u00e4rme\""}]},{"@type":"WebSite","@id":"https:\/\/oohelk.ee\/fi\/#website","url":"https:\/\/oohelk.ee\/fi\/","name":"\u00d6\u00d6HELK Heijastimet","description":"","publisher":{"@id":"https:\/\/oohelk.ee\/fi\/#organization"},"potentialAction":[{"@type":"SearchAction","target":{"@type":"EntryPoint","urlTemplate":"https:\/\/oohelk.ee\/fi\/?s={search_term_string}"},"query-input":{"@type":"PropertyValueSpecification","valueRequired":true,"valueName":"search_term_string"}}],"inLanguage":"fi"},{"@type":"Organization","@id":"https:\/\/oohelk.ee\/fi\/#organization","name":"\u00d6\u00d6HELK Heijastimet","url":"https:\/\/oohelk.ee\/fi\/","logo":{"@type":"ImageObject","inLanguage":"fi","@id":"https:\/\/oohelk.ee\/fi\/#\/schema\/logo\/image\/","url":"https:\/\/oohelk.ee\/wp-content\/uploads\/2023\/08\/OOHELK-LOGO-VALGE.png","contentUrl":"https:\/\/oohelk.ee\/wp-content\/uploads\/2023\/08\/OOHELK-LOGO-VALGE.png","width":1000,"height":1000,"caption":"\u00d6\u00d6HELK Heijastimet"},"image":{"@id":"https:\/\/oohelk.ee\/fi\/#\/schema\/logo\/image\/"}}]}},"jetpack_sharing_enabled":true,"_links":{"self":[{"href":"https:\/\/oohelk.ee\/fi\/wp-json\/wp\/v2\/product\/3770","targetHints":{"allow":["GET"]}}],"collection":[{"href":"https:\/\/oohelk.ee\/fi\/wp-json\/wp\/v2\/product"}],"about":[{"href":"https:\/\/oohelk.ee\/fi\/wp-json\/wp\/v2\/types\/product"}],"wp:featuredmedia":[{"embeddable":true,"href":"https:\/\/oohelk.ee\/fi\/wp-json\/wp\/v2\/media\/3148"}],"wp:attachment":[{"href":"https:\/\/oohelk.ee\/fi\/wp-json\/wp\/v2\/media?parent=3770"}],"wp:term":[{"taxonomy":"product_brand","embeddable":true,"href":"https:\/\/oohelk.ee\/fi\/wp-json\/wp\/v2\/product_brand?post=3770"},{"taxonomy":"product_cat","embeddable":true,"href":"https:\/\/oohelk.ee\/fi\/wp-json\/wp\/v2\/product_cat?post=3770"},{"taxonomy":"product_tag","embeddable":true,"href":"https:\/\/oohelk.ee\/fi\/wp-json\/wp\/v2\/product_tag?post=3770"}],"curies":[{"name":"wp","href":"https:\/\/api.w.org\/{rel}","templated":true}]}}