{"id":3555,"date":"2023-11-13T04:13:40","date_gmt":"2023-11-13T04:13:40","guid":{"rendered":"https:\/\/oohelk.ee\/myyntiehdot\/"},"modified":"2025-08-15T12:56:41","modified_gmt":"2025-08-15T12:56:41","slug":"myyntiehdot","status":"publish","type":"page","link":"https:\/\/oohelk.ee\/fi\/myyntiehdot\/","title":{"rendered":"Myyntiehdot"},"content":{"rendered":"\t\t<div data-elementor-type=\"wp-page\" data-elementor-id=\"3555\" class=\"elementor elementor-3555 elementor-215\" data-elementor-post-type=\"page\">\n\t\t\t\t\t\t<section class=\"elementor-section elementor-top-section elementor-element elementor-element-81fd03f elementor-section-boxed elementor-section-height-default elementor-section-height-default\" data-id=\"81fd03f\" data-element_type=\"section\" data-e-type=\"section\">\n\t\t\t\t\t\t<div class=\"elementor-container elementor-column-gap-default\">\n\t\t\t\t\t<div class=\"elementor-column elementor-col-100 elementor-top-column elementor-element elementor-element-9f64d1c\" data-id=\"9f64d1c\" data-element_type=\"column\" data-e-type=\"column\">\n\t\t\t<div class=\"elementor-widget-wrap elementor-element-populated\">\n\t\t\t\t\t\t<div class=\"elementor-element elementor-element-f81d419 elementor-widget elementor-widget-heading\" data-id=\"f81d419\" data-element_type=\"widget\" data-e-type=\"widget\" data-widget_type=\"heading.default\">\n\t\t\t\t<div class=\"elementor-widget-container\">\n\t\t\t\t\t<h2 class=\"elementor-heading-title elementor-size-default\">Myyntiehdot<\/h2>\t\t\t\t<\/div>\n\t\t\t\t<\/div>\n\t\t\t\t\t<\/div>\n\t\t<\/div>\n\t\t\t\t\t<\/div>\n\t\t<\/section>\n\t\t\t\t<section class=\"elementor-section elementor-top-section elementor-element elementor-element-7393ca7 elementor-section-boxed elementor-section-height-default elementor-section-height-default\" data-id=\"7393ca7\" data-element_type=\"section\" data-e-type=\"section\">\n\t\t\t\t\t\t<div class=\"elementor-container elementor-column-gap-default\">\n\t\t\t\t\t<div class=\"elementor-column elementor-col-100 elementor-top-column elementor-element elementor-element-ccf0fc1\" data-id=\"ccf0fc1\" data-element_type=\"column\" data-e-type=\"column\">\n\t\t\t<div class=\"elementor-widget-wrap elementor-element-populated\">\n\t\t\t\t\t\t<div class=\"elementor-element elementor-element-5ddc49c elementor-widget__width-initial elementor-widget elementor-widget-text-editor\" data-id=\"5ddc49c\" data-element_type=\"widget\" data-e-type=\"widget\" data-widget_type=\"text-editor.default\">\n\t\t\t\t<div class=\"elementor-widget-container\">\n\t\t\t\t\t\t\t\t\t<p>VERKKOKAUPAN MYYNTIEHDOT<\/p><p>Verkkokaupan www.oohelk.ee (j\u00e4ljemp\u00e4n\u00e4 Verkkokauppa) omistaja on TAIM O\u00dc (rekisterinumero 17066078), osoitteessa Kaarna tn 27e Tallinn Harjumaa 12916.<\/p><p>Myyntisopimuksen voimassaolo, tuote- ja hintatiedot<br>Myyntiehdot ovat voimassa ostettaessa tuotteita Verkkokaupasta.<br>Verkkokaupassa myyt\u00e4vien tuotteiden hinnat on ilmoitettu tuotteiden yhteydess\u00e4. Hintaan lis\u00e4t\u00e4\u00e4n toimitusmaksu. Kaikkien verkkokaupassa myyt\u00e4vien tuotteiden hinnat ovat euroissa.<br>Tuotteiden toimitusmaksu riippuu ostajan sijainnista ja toimitustavasta. Toimitusmaksu n\u00e4ytet\u00e4\u00e4n ostajalle tilausta tehdess\u00e4.<br>Tiedot tuotteista on esitetty Verkkokaupassa suoraan tuotteiden yhteydess\u00e4.<br>Tilauksen tekeminen<br>T\u00e4ss\u00e4 kauppiaan on otettava huomioon oman verkkokauppansa ostosratkaisu.<br>Tuotteiden tilaamiseksi halutut tuotteet on lis\u00e4tt\u00e4v\u00e4 ostoskoriin. Tilauksen tekemiseksi on t\u00e4ytett\u00e4v\u00e4 vaaditut tietokent\u00e4t ja valittava sopiva tuotteiden toimitustapa. T\u00e4m\u00e4n j\u00e4lkeen n\u00e4yt\u00f6lle ilmestyy maksettava summa, jonka voi maksaa turvallisesti seuraavilla maksutavoilla:<br>Poista ne maksutavat, joita verkkokauppa ei k\u00e4yt\u00e4, ja lis\u00e4\u00e4 tarvittaessa, jos k\u00e4yt\u00f6ss\u00e4 on muita maksuratkaisuja.<br>* Viron pankkimaksut: Swedbank, SEB, Luminor, LHV, Coop Pank, Citadele, Pocopay<br>* Suomen pankkiyhteydet: Aktia, \u00c5landsbanken, Danske, Handelsbanken, Nordea, Oma S\u00e4\u00e4stopankki, Pohjola, POP Pankki, S-Pankki, S\u00e4\u00e4stopankki<br>* Latvian pankkimaksut: Swedbank, SEB, Citadele, Citadele ja Luminor<br>* Liettuan pankkimaksut: Swedbank, SEB, Citadele, \u0160iauli\u0173 ja Luminor     <\/p><p>HUOM! Pankkilinkill\u00e4 maksaessasi paina ehdottomasti pankin sivulla painiketta \u201dTakaisin kauppiaalle\u201d. <\/p><p>Maksut v\u00e4litt\u00e4\u00e4 Montonio Finance UAB. Maksu tapahtuu Verkkokaupan ulkopuolella turvallisessa ymp\u00e4rist\u00f6ss\u00e4 \u2013 pankkilinkill\u00e4 maksettaessa vastaavan pankin turvallisessa ymp\u00e4rist\u00f6ss\u00e4 ja luottokortilla maksettaessa Maksekeskus AS:n turvallisessa ymp\u00e4rist\u00f6ss\u00e4. Myyj\u00e4ll\u00e4 ei ole p\u00e4\u00e4sy\u00e4 asiakkaan pankki- ja luottokorttitietoihin. Sopimus astuu voimaan, kun maksettava summa on saapunut Verkkokaupan pankkitilille.   <\/p><p>Verkkokaupan omistaja on henkil\u00f6tietojen rekisterinpit\u00e4j\u00e4 ja v\u00e4litt\u00e4\u00e4 maksujen suorittamiseen tarvittavat henkil\u00f6tiedot valtuutetulle k\u00e4sittelij\u00e4lle Montonio Finance UAB:lle.<br>Jos tilattua tuotetta ei voida toimittaa tuotteen loppumisen tai muun syyn vuoksi, ostajalle ilmoitetaan asiasta mahdollisimman pian ja maksettu summa (sis. toimituskulut) palautetaan viipym\u00e4tt\u00e4, kuitenkin viimeist\u00e4\u00e4n 14 p\u00e4iv\u00e4n kuluessa ilmoituksen l\u00e4hett\u00e4misest\u00e4.<br>Toimitus<br>Tuotteita toimitetaan seuraaviin maihin: Viro, Latvia, Liettua, Suomi, Ruotsi, Norja, Saksa<br>Tuotteiden noutamiseen ostajalla on seuraavat vaihtoehdot: ilmoita t\u00e4h\u00e4n esimerkiksi verkkokaupan pakettiautomaattikumppanit, kuriiriyhti\u00f6t, mahdollisuus noutaa tuotteet itse.<br>Tuotteen toimituskulut maksaa ostaja, ja vastaavat hintatiedot n\u00e4ytet\u00e4\u00e4n toimitustavan yhteydess\u00e4.<br>Viron sis\u00e4iset l\u00e4hetykset saapuvat yleens\u00e4 ostajan m\u00e4\u00e4ritt\u00e4m\u00e4\u00e4n kohteeseen 9 ty\u00f6p\u00e4iv\u00e4n kuluessa myyntisopimuksen voimaantulosta. Viron ulkopuolelle toimitus tapahtuu 20 kalenterip\u00e4iv\u00e4n kuluessa.<br>Poikkeustapauksissa tuote on oikeus toimittaa jopa 45 kalenterip\u00e4iv\u00e4n kuluessa.<br>Peruuttamisoikeus<br>Tilauksen vastaanottamisen j\u00e4lkeen ostajalla on oikeus peruuttaa verkkokaupassa tehty sopimus 14 p\u00e4iv\u00e4n kuluessa. <\/p><p>HUOM! Tuotteista riippuen ostajalla ei v\u00e4ltt\u00e4m\u00e4tt\u00e4 ole peruuttamisoikeutta, jolloin vastaavat tuotteet ja palvelut on lueteltava ja niiden on t\u00e4ytett\u00e4v\u00e4 velvoiteoikeuslain \u00a7 53 momentin 4 mukaiset ehdot. <\/p><p>Peruuttamisoikeutta ei sovelleta, jos ostaja on oikeushenkil\u00f6.<br>14 p\u00e4iv\u00e4n palautusoikeuden k\u00e4ytt\u00e4miseksi tilattua tuotetta ei saa k\u00e4ytt\u00e4\u00e4 muulla tavoin kuin on tarpeen tuotteen luonteen, ominaisuuksien ja toimivuuden varmistamiseksi tavalla, joka on sallittu tuotteen testaamiseen fyysisess\u00e4 kaupassa.<br>Jos tuotetta on k\u00e4ytetty muuhun tarkoitukseen kuin on tarpeen tuotteen luonteen, ominaisuuksien ja toimivuuden varmistamiseksi tai siin\u00e4 on k\u00e4yt\u00f6n tai kulumisen merkkej\u00e4, Verkkokaupalla on oikeus alentaa palautettavaa maksua tuotteen arvon alenemisen mukaisesti.<br>Tuotteen palauttamiseksi on toimitettava tuotteen ostosta peruuttamista koskeva hakemus ja l\u00e4hetett\u00e4v\u00e4 se s\u00e4hk\u00f6postiosoitteeseen kanela@kanela.ee viimeist\u00e4\u00e4n 14 p\u00e4iv\u00e4n kuluessa tuotteen vastaanottamisesta.<\/p><p>Tuotteen palautuskulut maksaa ostaja, paitsi jos palautuksen syyn\u00e4 on se, ett\u00e4 palautettava tuote ei vastaa tilattua (esim. v\u00e4\u00e4r\u00e4 tai viallinen tuote).<br>Ostajan on palautettava tuote 14 p\u00e4iv\u00e4n kuluessa hakemuksen j\u00e4tt\u00e4misest\u00e4 tai esitett\u00e4v\u00e4 todiste siit\u00e4, ett\u00e4 h\u00e4n on luovuttanut tuotteen kuljetusliikkeelle edell\u00e4 mainitun ajanjakson aikana.<br>Verkkokauppa palauttaa palautettavan tuotteen vastaanotettuaan ostajalle viipym\u00e4tt\u00e4, kuitenkin viimeist\u00e4\u00e4n 14 p\u00e4iv\u00e4n kuluessa peruuttamishakemuksen vastaanottamisesta, kaikki ostajalta sopimuksen perusteella saadut maksut.<br>Verkkokauppa voi kielt\u00e4yty\u00e4 palauttamasta maksuja, kunnes se on saanut takaisin sopimuksen kohteena olevan tuotteen tai kunnes ostaja on esitt\u00e4nyt todisteet tuotteen palauttamisesta, riippuen siit\u00e4, kumpi tapahtuu ensin.<br>Jos ostaja on nimenomaisesti valinnut Verkkokaupan tarjoamasta edullisimmasta tavanomaisesta toimitustavasta poikkeavan toimitustavan, Verkkokaupan ei tarvitse palauttaa kuluttajalle kustannuksia, jotka ylitt\u00e4v\u00e4t tavanomaiseen toimitustapaan liittyv\u00e4t kustannukset.<br>Verkkokaupalla on oikeus peruuttaa myyntitapahtuma ja vaatia tuote takaisin ostajalta, jos tuotteen hinta verkkokaupassa on virheen vuoksi merkitty huomattavasti alle tuotteen markkinahinnan.<br>Reklamaatio-oikeus<\/p><p data-start=\"176\" data-end=\"231\"><strong data-start=\"176\" data-end=\"229\">Palautus ilmaisella toimituksella (Viron tilaukset)<\/strong><\/p><p data-start=\"233\" data-end=\"480\">Verkkokauppa palauttaa vain tuotteen hinnan. Toimituskuluja ei palauteta. Jos ostokseen on sovellettu ilmaisen toimituksen kampanjaa, hyvityksest\u00e4 v\u00e4hennet\u00e4\u00e4n my\u00f6s todelliset toimituskulut, jotka liittyv\u00e4t tilauksen l\u00e4hett\u00e4miseen ja palauttamiseen.  <\/p><p data-start=\"482\" data-end=\"766\">Esimerkki: jos tuotteen hinta on 10 euroa ja siihen on sovellettu ilmaista toimitusta, mutta todelliset toimituskulut (esim. DPD:n tai Omnivan palvelulla) ovat 2,5 euroa l\u00e4hetyksess\u00e4 ja 2,5 euroa palautuksessa, niin ostajalle palautetaan 10 eurosta v\u00e4hennettyn\u00e4 toimituskulut (10 \u2013 2,5 \u2013 2,5 = 5 euroa).<\/p><p data-start=\"482\" data-end=\"766\"> <\/p><p data-start=\"773\" data-end=\"835\"><strong data-start=\"773\" data-end=\"833\">Palautus Viron ulkopuolelta (Suomi ja muut maat)<\/strong><\/p><p data-start=\"837\" data-end=\"1046\">Jos ostaja haluaa palauttaa tuotteen Viron ulkopuolelta (esim. Suomesta), h\u00e4nen on j\u00e4rjestett\u00e4v\u00e4 palautus oman maansa postipalvelun kautta ja katettava kaikki palautukseen liittyv\u00e4t kulut itse.<br data-start=\"1007\" data-end=\"1010\">Palautukset tulee l\u00e4hett\u00e4\u00e4 osoitteeseen:<\/p><p data-start=\"1048\" data-end=\"1106\"><strong data-start=\"1048\" data-end=\"1104\">ORLIIN O\u00dc<br data-start=\"1059\" data-end=\"1062\">Tehnika 117-14<br data-start=\"1076\" data-end=\"1079\">Tallinna 10139<br data-start=\"1092\" data-end=\"1095\">Viro<\/strong><\/p><p data-start=\"1108\" data-end=\"1188\">Palautetaan vain tuotteen hinta. Toimituskuluja ei palauteta. <\/p><p><br>Verkkokaupalla on oikeus peruuttaa kauppa ja vaatia tuote takaisin ostajalta, jos tuotteen hinta verkkokaupassa on virheen vuoksi merkitty huomattavasti alle tuotteen markkinahinnan.<br>Reklamaatio-oikeus<\/p><p>Verkkokauppa vastaa ostajalle myydyn tuotteen sopimusehtojen vastaisuudesta tai puutteesta, joka oli olemassa jo tuotteen luovutushetkell\u00e4 ja ilmenee kahden vuoden kuluessa tuotteen luovutuksesta ostajalle. T\u00e4m\u00e4n 1 vuoden kuluessa tuotteen luovutuksesta ostajalle oletetaan, ett\u00e4 puute oli olemassa jo tuotteen luovutushetkell\u00e4. Verkkokaupan velvollisuus on kumota vastaava oletus.   <\/p><p>Ostajalla on oikeus puutteen ilmetess\u00e4 ottaa yhteytt\u00e4 verkkokauppaan viimeist\u00e4\u00e4n kahden kuukauden kuluessa l\u00e4hett\u00e4m\u00e4ll\u00e4 s\u00e4hk\u00f6postia osoitteeseen kanela@kanela.ee.<br>Verkkokauppa ei vastaa puutteista, jotka ovat syntyneet tuotteen luovuttamisen j\u00e4lkeen ostajalle.<br>Jos Verkkokaupasta ostetussa tuotteessa on puutteita, joista Verkkokauppa vastaa, Verkkokauppa korjaa tai vaihtaa viallisen tuotteen. Jos tuotetta ei voida korjata tai vaihtaa, Verkkokauppa palauttaa ostajalle kaikki myyntisopimukseen liittyneet maksut. <\/p><p>Verkkokauppa vastaa kuluttajan valitukseen kirjallisesti tai kirjallisesti toistettavassa muodossa 15 p\u00e4iv\u00e4n kuluessa.<\/p><p>Suoramarkkinointi ja henkil\u00f6tietojen k\u00e4sittely<br>Verkkokauppa k\u00e4ytt\u00e4\u00e4 ostajan sy\u00f6tt\u00e4mi\u00e4 henkil\u00f6tietoja vain tilauksen k\u00e4sittelyyn ja tuotteiden l\u00e4hett\u00e4miseen ostajalle. Verkkokauppa v\u00e4litt\u00e4\u00e4 henkil\u00f6tietoja kuljetuspalveluita tarjoaville yrityksille tuotteiden toimittamiseksi. <\/p><p>Riitojen ratkaisu<br>Jos ostajalla on Verkkokauppaa koskevia valituksia, ne tulee l\u00e4hett\u00e4\u00e4 s\u00e4hk\u00f6postiosoitteeseen kanela@kanela.ee<\/p><p>Jos ostaja ja Verkkokauppa eiv\u00e4t pysty ratkaisemaan riitaa sopimalla, ostaja voi k\u00e4\u00e4nty\u00e4 kuluttajariitalautakunnan puoleen. Menettelyehdot voi tarkistaa ja hakemuksen j\u00e4tt\u00e4\u00e4 t\u00e4\u00e4lt\u00e4. Kuluttajariitalautakunnan toimivaltaan kuuluu ostajan ja Verkkokaupan v\u00e4lill\u00e4 tehdyst\u00e4 sopimuksesta johtuvien riitojen ratkaiseminen. Lautakunnan suorittama ostajan valituksen k\u00e4sittely on maksutonta.   <\/p><p>Ostaja voi k\u00e4\u00e4nty\u00e4 Euroopan unionin kuluttajariitojen ratkaisualustan puoleen.<\/p>\t\t\t\t\t\t\t\t<\/div>\n\t\t\t\t<\/div>\n\t\t\t\t\t<\/div>\n\t\t<\/div>\n\t\t\t\t\t<\/div>\n\t\t<\/section>\n\t\t\t\t<\/div>\n\t\t","protected":false},"excerpt":{"rendered":"<p>Myyntiehdot VERKKOKAUPAN MYYNTIEHDOT Verkkokaupan www.oohelk.ee (j\u00e4ljemp\u00e4n\u00e4 Verkkokauppa) omistaja on TAIM O\u00dc (rekisterinumero 17066078), osoitteessa Kaarna tn 27e Tallinn Harjumaa 12916. Myyntisopimuksen voimassaolo, tuote- ja hintatiedotMyyntiehdot ovat voimassa ostettaessa tuotteita Verkkokaupasta.Verkkokaupassa myyt\u00e4vien tuotteiden hinnat on ilmoitettu tuotteiden yhteydess\u00e4. Hintaan lis\u00e4t\u00e4\u00e4n toimitusmaksu. Kaikkien verkkokaupassa myyt\u00e4vien tuotteiden hinnat ovat euroissa.Tuotteiden toimitusmaksu riippuu ostajan sijainnista ja toimitustavasta. Toimitusmaksu n\u00e4ytet\u00e4\u00e4n [&hellip;]<\/p>\n","protected":false},"author":1,"featured_media":0,"parent":0,"menu_order":0,"comment_status":"closed","ping_status":"closed","template":"","meta":{"site-sidebar-layout":"no-sidebar","site-content-layout":"page-builder","ast-site-content-layout":"default","site-content-style":"default","site-sidebar-style":"default","ast-global-header-display":"","ast-banner-title-visibility":"","ast-main-header-display":"","ast-hfb-above-header-display":"","ast-hfb-below-header-display":"","ast-hfb-mobile-header-display":"","site-post-title":"","ast-breadcrumbs-content":"","ast-featured-img":"disabled","footer-sml-layout":"","ast-disable-related-posts":"","theme-transparent-header-meta":"","adv-header-id-meta":"","stick-header-meta":"","header-above-stick-meta":"","header-main-stick-meta":"","header-below-stick-meta":"","astra-migrate-meta-layouts":"default","ast-page-background-enabled":"default","ast-page-background-meta":{"desktop":{"background-color":"var(--ast-global-color-4)","background-image":"","background-repeat":"repeat","background-position":"center center","background-size":"auto","background-attachment":"scroll","background-type":"","background-media":"","overlay-type":"","overlay-color":"","overlay-opacity":"","overlay-gradient":""},"tablet":{"background-color":"","background-image":"","background-repeat":"repeat","background-position":"center center","background-size":"auto","background-attachment":"scroll","background-type":"","background-media":"","overlay-type":"","overlay-color":"","overlay-opacity":"","overlay-gradient":""},"mobile":{"background-color":"","background-image":"","background-repeat":"repeat","background-position":"center center","background-size":"auto","background-attachment":"scroll","background-type":"","background-media":"","overlay-type":"","overlay-color":"","overlay-opacity":"","overlay-gradient":""}},"ast-content-background-meta":{"desktop":{"background-color":"var(--ast-global-color-5)","background-image":"","background-repeat":"repeat","background-position":"center center","background-size":"auto","background-attachment":"scroll","background-type":"","background-media":"","overlay-type":"","overlay-color":"","overlay-opacity":"","overlay-gradient":""},"tablet":{"background-color":"var(--ast-global-color-5)","background-image":"","background-repeat":"repeat","background-position":"center center","background-size":"auto","background-attachment":"scroll","background-type":"","background-media":"","overlay-type":"","overlay-color":"","overlay-opacity":"","overlay-gradient":""},"mobile":{"background-color":"var(--ast-global-color-5)","background-image":"","background-repeat":"repeat","background-position":"center center","background-size":"auto","background-attachment":"scroll","background-type":"","background-media":"","overlay-type":"","overlay-color":"","overlay-opacity":"","overlay-gradient":""}},"footnotes":""},"class_list":["post-3555","page","type-page","status-publish","hentry"],"yoast_head":"<!-- This site is optimized with the Yoast SEO plugin v27.4 - https:\/\/yoast.com\/product\/yoast-seo-wordpress\/ -->\n<title>Myyntiehdot - \u00d6\u00d6HELK Heijastimet<\/title>\n<meta name=\"robots\" content=\"index, follow, max-snippet:-1, max-image-preview:large, max-video-preview:-1\" \/>\n<link rel=\"canonical\" href=\"https:\/\/oohelk.ee\/fi\/myyntiehdot\/\" \/>\n<meta property=\"og:locale\" content=\"fi_FI\" \/>\n<meta property=\"og:type\" content=\"article\" \/>\n<meta property=\"og:title\" content=\"Myyntiehdot - \u00d6\u00d6HELK Heijastimet\" \/>\n<meta property=\"og:description\" content=\"Myyntiehdot VERKKOKAUPAN MYYNTIEHDOT Verkkokaupan www.oohelk.ee (j\u00e4ljemp\u00e4n\u00e4 Verkkokauppa) omistaja on TAIM O\u00dc (rekisterinumero 17066078), osoitteessa Kaarna tn 27e Tallinn Harjumaa 12916. Myyntisopimuksen voimassaolo, tuote- ja hintatiedotMyyntiehdot ovat voimassa ostettaessa tuotteita Verkkokaupasta.Verkkokaupassa myyt\u00e4vien tuotteiden hinnat on ilmoitettu tuotteiden yhteydess\u00e4. Hintaan lis\u00e4t\u00e4\u00e4n toimitusmaksu. Kaikkien verkkokaupassa myyt\u00e4vien tuotteiden hinnat ovat euroissa.Tuotteiden toimitusmaksu riippuu ostajan sijainnista ja toimitustavasta. Toimitusmaksu n\u00e4ytet\u00e4\u00e4n [&hellip;]\" \/>\n<meta property=\"og:url\" content=\"https:\/\/oohelk.ee\/fi\/myyntiehdot\/\" \/>\n<meta property=\"og:site_name\" content=\"\u00d6\u00d6HELK Heijastimet\" \/>\n<meta property=\"article:modified_time\" content=\"2025-08-15T12:56:41+00:00\" \/>\n<meta name=\"twitter:card\" content=\"summary_large_image\" \/>\n<meta name=\"twitter:label1\" content=\"Arvioitu lukuaika\" \/>\n\t<meta name=\"twitter:data1\" content=\"5 minuuttia\" \/>\n<script type=\"application\/ld+json\" class=\"yoast-schema-graph\">{\"@context\":\"https:\\\/\\\/schema.org\",\"@graph\":[{\"@type\":\"WebPage\",\"@id\":\"https:\\\/\\\/oohelk.ee\\\/fi\\\/myyntiehdot\\\/\",\"url\":\"https:\\\/\\\/oohelk.ee\\\/fi\\\/myyntiehdot\\\/\",\"name\":\"Myyntiehdot - \u00d6\u00d6HELK Heijastimet\",\"isPartOf\":{\"@id\":\"https:\\\/\\\/oohelk.ee\\\/fi\\\/#website\"},\"datePublished\":\"2023-11-13T04:13:40+00:00\",\"dateModified\":\"2025-08-15T12:56:41+00:00\",\"breadcrumb\":{\"@id\":\"https:\\\/\\\/oohelk.ee\\\/fi\\\/myyntiehdot\\\/#breadcrumb\"},\"inLanguage\":\"fi\",\"potentialAction\":[{\"@type\":\"ReadAction\",\"target\":[\"https:\\\/\\\/oohelk.ee\\\/fi\\\/myyntiehdot\\\/\"]}]},{\"@type\":\"BreadcrumbList\",\"@id\":\"https:\\\/\\\/oohelk.ee\\\/fi\\\/myyntiehdot\\\/#breadcrumb\",\"itemListElement\":[{\"@type\":\"ListItem\",\"position\":1,\"name\":\"Home\",\"item\":\"https:\\\/\\\/oohelk.ee\\\/fi\\\/\"},{\"@type\":\"ListItem\",\"position\":2,\"name\":\"Myyntiehdot\"}]},{\"@type\":\"WebSite\",\"@id\":\"https:\\\/\\\/oohelk.ee\\\/fi\\\/#website\",\"url\":\"https:\\\/\\\/oohelk.ee\\\/fi\\\/\",\"name\":\"\u00d6\u00d6HELK Heijastimet\",\"description\":\"\",\"publisher\":{\"@id\":\"https:\\\/\\\/oohelk.ee\\\/fi\\\/#organization\"},\"potentialAction\":[{\"@type\":\"SearchAction\",\"target\":{\"@type\":\"EntryPoint\",\"urlTemplate\":\"https:\\\/\\\/oohelk.ee\\\/fi\\\/?s={search_term_string}\"},\"query-input\":{\"@type\":\"PropertyValueSpecification\",\"valueRequired\":true,\"valueName\":\"search_term_string\"}}],\"inLanguage\":\"fi\"},{\"@type\":\"Organization\",\"@id\":\"https:\\\/\\\/oohelk.ee\\\/fi\\\/#organization\",\"name\":\"\u00d6\u00d6HELK Heijastimet\",\"url\":\"https:\\\/\\\/oohelk.ee\\\/fi\\\/\",\"logo\":{\"@type\":\"ImageObject\",\"inLanguage\":\"fi\",\"@id\":\"https:\\\/\\\/oohelk.ee\\\/fi\\\/#\\\/schema\\\/logo\\\/image\\\/\",\"url\":\"https:\\\/\\\/oohelk.ee\\\/wp-content\\\/uploads\\\/2023\\\/08\\\/OOHELK-LOGO-VALGE.png\",\"contentUrl\":\"https:\\\/\\\/oohelk.ee\\\/wp-content\\\/uploads\\\/2023\\\/08\\\/OOHELK-LOGO-VALGE.png\",\"width\":1000,\"height\":1000,\"caption\":\"\u00d6\u00d6HELK Heijastimet\"},\"image\":{\"@id\":\"https:\\\/\\\/oohelk.ee\\\/fi\\\/#\\\/schema\\\/logo\\\/image\\\/\"}}]}<\/script>\n<!-- \/ Yoast SEO plugin. -->","yoast_head_json":{"title":"Myyntiehdot - \u00d6\u00d6HELK Heijastimet","robots":{"index":"index","follow":"follow","max-snippet":"max-snippet:-1","max-image-preview":"max-image-preview:large","max-video-preview":"max-video-preview:-1"},"canonical":"https:\/\/oohelk.ee\/fi\/myyntiehdot\/","og_locale":"fi_FI","og_type":"article","og_title":"Myyntiehdot - \u00d6\u00d6HELK Heijastimet","og_description":"Myyntiehdot VERKKOKAUPAN MYYNTIEHDOT Verkkokaupan www.oohelk.ee (j\u00e4ljemp\u00e4n\u00e4 Verkkokauppa) omistaja on TAIM O\u00dc (rekisterinumero 17066078), osoitteessa Kaarna tn 27e Tallinn Harjumaa 12916. Myyntisopimuksen voimassaolo, tuote- ja hintatiedotMyyntiehdot ovat voimassa ostettaessa tuotteita Verkkokaupasta.Verkkokaupassa myyt\u00e4vien tuotteiden hinnat on ilmoitettu tuotteiden yhteydess\u00e4. Hintaan lis\u00e4t\u00e4\u00e4n toimitusmaksu. Kaikkien verkkokaupassa myyt\u00e4vien tuotteiden hinnat ovat euroissa.Tuotteiden toimitusmaksu riippuu ostajan sijainnista ja toimitustavasta. Toimitusmaksu n\u00e4ytet\u00e4\u00e4n [&hellip;]","og_url":"https:\/\/oohelk.ee\/fi\/myyntiehdot\/","og_site_name":"\u00d6\u00d6HELK Heijastimet","article_modified_time":"2025-08-15T12:56:41+00:00","twitter_card":"summary_large_image","twitter_misc":{"Arvioitu lukuaika":"5 minuuttia"},"schema":{"@context":"https:\/\/schema.org","@graph":[{"@type":"WebPage","@id":"https:\/\/oohelk.ee\/fi\/myyntiehdot\/","url":"https:\/\/oohelk.ee\/fi\/myyntiehdot\/","name":"Myyntiehdot - \u00d6\u00d6HELK Heijastimet","isPartOf":{"@id":"https:\/\/oohelk.ee\/fi\/#website"},"datePublished":"2023-11-13T04:13:40+00:00","dateModified":"2025-08-15T12:56:41+00:00","breadcrumb":{"@id":"https:\/\/oohelk.ee\/fi\/myyntiehdot\/#breadcrumb"},"inLanguage":"fi","potentialAction":[{"@type":"ReadAction","target":["https:\/\/oohelk.ee\/fi\/myyntiehdot\/"]}]},{"@type":"BreadcrumbList","@id":"https:\/\/oohelk.ee\/fi\/myyntiehdot\/#breadcrumb","itemListElement":[{"@type":"ListItem","position":1,"name":"Home","item":"https:\/\/oohelk.ee\/fi\/"},{"@type":"ListItem","position":2,"name":"Myyntiehdot"}]},{"@type":"WebSite","@id":"https:\/\/oohelk.ee\/fi\/#website","url":"https:\/\/oohelk.ee\/fi\/","name":"\u00d6\u00d6HELK Heijastimet","description":"","publisher":{"@id":"https:\/\/oohelk.ee\/fi\/#organization"},"potentialAction":[{"@type":"SearchAction","target":{"@type":"EntryPoint","urlTemplate":"https:\/\/oohelk.ee\/fi\/?s={search_term_string}"},"query-input":{"@type":"PropertyValueSpecification","valueRequired":true,"valueName":"search_term_string"}}],"inLanguage":"fi"},{"@type":"Organization","@id":"https:\/\/oohelk.ee\/fi\/#organization","name":"\u00d6\u00d6HELK Heijastimet","url":"https:\/\/oohelk.ee\/fi\/","logo":{"@type":"ImageObject","inLanguage":"fi","@id":"https:\/\/oohelk.ee\/fi\/#\/schema\/logo\/image\/","url":"https:\/\/oohelk.ee\/wp-content\/uploads\/2023\/08\/OOHELK-LOGO-VALGE.png","contentUrl":"https:\/\/oohelk.ee\/wp-content\/uploads\/2023\/08\/OOHELK-LOGO-VALGE.png","width":1000,"height":1000,"caption":"\u00d6\u00d6HELK Heijastimet"},"image":{"@id":"https:\/\/oohelk.ee\/fi\/#\/schema\/logo\/image\/"}}]}},"jetpack_sharing_enabled":true,"_links":{"self":[{"href":"https:\/\/oohelk.ee\/fi\/wp-json\/wp\/v2\/pages\/3555","targetHints":{"allow":["GET"]}}],"collection":[{"href":"https:\/\/oohelk.ee\/fi\/wp-json\/wp\/v2\/pages"}],"about":[{"href":"https:\/\/oohelk.ee\/fi\/wp-json\/wp\/v2\/types\/page"}],"author":[{"embeddable":true,"href":"https:\/\/oohelk.ee\/fi\/wp-json\/wp\/v2\/users\/1"}],"replies":[{"embeddable":true,"href":"https:\/\/oohelk.ee\/fi\/wp-json\/wp\/v2\/comments?post=3555"}],"version-history":[{"count":3,"href":"https:\/\/oohelk.ee\/fi\/wp-json\/wp\/v2\/pages\/3555\/revisions"}],"predecessor-version":[{"id":3994,"href":"https:\/\/oohelk.ee\/fi\/wp-json\/wp\/v2\/pages\/3555\/revisions\/3994"}],"wp:attachment":[{"href":"https:\/\/oohelk.ee\/fi\/wp-json\/wp\/v2\/media?parent=3555"}],"curies":[{"name":"wp","href":"https:\/\/api.w.org\/{rel}","templated":true}]}}