{"id":3539,"date":"2023-11-13T03:55:14","date_gmt":"2023-11-13T03:55:14","guid":{"rendered":"https:\/\/oohelk.ee\/tietosuojakaytanto\/"},"modified":"2025-07-30T09:24:28","modified_gmt":"2025-07-30T09:24:28","slug":"tietosuojakaytanto","status":"publish","type":"page","link":"https:\/\/oohelk.ee\/fi\/tietosuojakaytanto\/","title":{"rendered":"Tietosuojak\u00e4yt\u00e4nt\u00f6"},"content":{"rendered":"\t\t<div data-elementor-type=\"wp-page\" data-elementor-id=\"3539\" class=\"elementor elementor-3539 elementor-202\" data-elementor-post-type=\"page\">\n\t\t\t\t\t\t<section class=\"elementor-section elementor-top-section elementor-element elementor-element-bac3edc elementor-section-boxed elementor-section-height-default elementor-section-height-default\" data-id=\"bac3edc\" data-element_type=\"section\" data-e-type=\"section\">\n\t\t\t\t\t\t<div class=\"elementor-container elementor-column-gap-default\">\n\t\t\t\t\t<div class=\"elementor-column elementor-col-100 elementor-top-column elementor-element elementor-element-5bc5b06\" data-id=\"5bc5b06\" data-element_type=\"column\" data-e-type=\"column\">\n\t\t\t<div class=\"elementor-widget-wrap elementor-element-populated\">\n\t\t\t\t\t\t<div class=\"elementor-element elementor-element-689af2a elementor-widget elementor-widget-heading\" data-id=\"689af2a\" data-element_type=\"widget\" data-e-type=\"widget\" data-widget_type=\"heading.default\">\n\t\t\t\t<div class=\"elementor-widget-container\">\n\t\t\t\t\t<h2 class=\"elementor-heading-title elementor-size-default\">Tietosuojak\u00e4yt\u00e4nt\u00f6<\/h2>\t\t\t\t<\/div>\n\t\t\t\t<\/div>\n\t\t\t\t\t<\/div>\n\t\t<\/div>\n\t\t\t\t\t<\/div>\n\t\t<\/section>\n\t\t\t\t<section class=\"elementor-section elementor-top-section elementor-element elementor-element-ddb7f0d elementor-section-boxed elementor-section-height-default elementor-section-height-default\" data-id=\"ddb7f0d\" data-element_type=\"section\" data-e-type=\"section\">\n\t\t\t\t\t\t<div class=\"elementor-container elementor-column-gap-default\">\n\t\t\t\t\t<div class=\"elementor-column elementor-col-100 elementor-top-column elementor-element elementor-element-20ffffe\" data-id=\"20ffffe\" data-element_type=\"column\" data-e-type=\"column\">\n\t\t\t<div class=\"elementor-widget-wrap elementor-element-populated\">\n\t\t\t\t\t\t<div class=\"elementor-element elementor-element-b051fdf elementor-widget__width-initial elementor-widget elementor-widget-text-editor\" data-id=\"b051fdf\" data-element_type=\"widget\" data-e-type=\"widget\" data-widget_type=\"text-editor.default\">\n\t\t\t\t<div class=\"elementor-widget-container\">\n\t\t\t\t\t\t\t\t\t<p>Tietosuojak\u00e4yt\u00e4nt\u00f6<br>1. Yleiset ehdot<br>1.1. T\u00e4m\u00e4 tietosuojak\u00e4yt\u00e4nt\u00f6 s\u00e4\u00e4telee henkil\u00f6tietojen ker\u00e4\u00e4misen, k\u00e4sittelyn ja s\u00e4ilytt\u00e4misen periaatteita. Henkil\u00f6tietoja ker\u00e4\u00e4, k\u00e4sittelee ja s\u00e4ilytt\u00e4\u00e4 henkil\u00f6tietojen rekisterinpit\u00e4j\u00e4 TAIM O\u00dc (j\u00e4ljemp\u00e4n\u00e4 rekisterinpit\u00e4j\u00e4). <\/p><p>1.2. Rekister\u00f6ity tietosuojak\u00e4yt\u00e4nn\u00f6n merkityksess\u00e4 on asiakas tai muu luonnollinen henkil\u00f6, jonka henkil\u00f6tietoja rekisterinpit\u00e4j\u00e4 k\u00e4sittelee.<br>1.3. Asiakas tietosuojak\u00e4yt\u00e4nn\u00f6n merkityksess\u00e4 on jokainen, joka ostaa tavaroita tai palveluita rekisterinpit\u00e4j\u00e4n verkkosivustolta.<br>1.4. Rekisterinpit\u00e4j\u00e4 noudattaa lains\u00e4\u00e4d\u00e4nn\u00f6ss\u00e4 s\u00e4\u00e4dettyj\u00e4 tietojenk\u00e4sittelyperiaatteita, muun muassa k\u00e4sittelee henkil\u00f6tietoja laillisesti, oikeudenmukaisesti ja turvallisesti. Rekisterinpit\u00e4j\u00e4 pystyy vahvistamaan, ett\u00e4 henkil\u00f6tietoja on k\u00e4sitelty lains\u00e4\u00e4d\u00e4nn\u00f6n mukaisesti.<br>2. Henkil\u00f6tietojen ker\u00e4\u00e4minen, k\u00e4sittely ja s\u00e4ilytt\u00e4minen<br>2.1. Rekisterinpit\u00e4j\u00e4n ker\u00e4\u00e4m\u00e4t, k\u00e4sittelem\u00e4t ja s\u00e4ilytt\u00e4m\u00e4t henkil\u00f6tiedot on ker\u00e4tty s\u00e4hk\u00f6isesti, p\u00e4\u00e4asiassa verkkosivuston ja s\u00e4hk\u00f6postin v\u00e4lityksell\u00e4.<br>2.2. Jakamalla henkil\u00f6tietonsa rekister\u00f6ity antaa rekisterinpit\u00e4j\u00e4lle oikeuden ker\u00e4t\u00e4, j\u00e4rjest\u00e4\u00e4, k\u00e4ytt\u00e4\u00e4 ja hallita tietosuojak\u00e4yt\u00e4nn\u00f6ss\u00e4 m\u00e4\u00e4riteltyyn tarkoitukseen henkil\u00f6tietoja, jotka rekister\u00f6ity jakaa rekisterinpit\u00e4j\u00e4lle suoraan tai ep\u00e4suorasti ostaessaan tavaroita tai palveluita verkkosivustolta.<br>2.3. Rekister\u00f6ity vastaa siit\u00e4, ett\u00e4 h\u00e4nen antamansa tiedot ovat tarkkoja, oikeita ja t\u00e4ydellisi\u00e4. Tietoisesti v\u00e4\u00e4rien tietojen antamista pidet\u00e4\u00e4n tietosuojak\u00e4yt\u00e4nn\u00f6n rikkomisena. Rekister\u00f6idyn on ilmoitettava rekisterinpit\u00e4j\u00e4lle v\u00e4litt\u00f6m\u00e4sti annettujen tietojen muutoksista.<br>2.4. Rekisterinpit\u00e4j\u00e4 ei vastaa rekister\u00f6idyn tai kolmansien osapuolten rekister\u00f6idyn antamista v\u00e4\u00e4rist\u00e4 tiedoista aiheutuneista vahingoista.<br>3. Asiakkaiden henkil\u00f6tietojen k\u00e4sittely<br>3.1. Rekisterinpit\u00e4j\u00e4 voi k\u00e4sitell\u00e4 seuraavia rekister\u00f6idyn henkil\u00f6tietoja:<br>3.1.1. Etu- ja sukunimi;<br>3.1.3. Puhelinnumero;<br>3.1.4. S\u00e4hk\u00f6postiosoite;<br>3.1.5. Toimitusosoite;<br>3.1.6. Pankkitilin numero;<br>3.1.7. Maksukortin tiedot;.<br>3.2. Edell\u00e4 mainittujen lis\u00e4ksi rekisterinpit\u00e4j\u00e4ll\u00e4 on oikeus ker\u00e4t\u00e4 asiakkaasta tietoja, jotka ovat saatavilla julkisista rekistereist\u00e4.<br>3.3. Henkil\u00f6tietojen k\u00e4sittelyn oikeusperuste on yleisen tietosuoja-asetuksen 6 artiklan 1 kohdan a, b, c ja f alakohta:                 <\/p><p>a) rekister\u00f6ity on antanut suostumuksensa henkil\u00f6tietojensa k\u00e4sittelyyn yht\u00e4 tai useampaa erityist\u00e4 tarkoitusta varten;<br>b) henkil\u00f6tietojen k\u00e4sittely on tarpeen sellaisen sopimuksen t\u00e4yt\u00e4nt\u00f6\u00f6npanemiseksi, jossa rekister\u00f6ity on osapuolena, tai sopimusta edelt\u00e4vien toimenpiteiden toteuttamiseksi rekister\u00f6idyn pyynn\u00f6st\u00e4;<br>c) henkil\u00f6tietojen k\u00e4sittely on tarpeen rekisterinpit\u00e4j\u00e4n lakis\u00e4\u00e4teisen velvoitteen noudattamiseksi;<br>f) henkil\u00f6tietojen k\u00e4sittely on tarpeen rekisterinpit\u00e4j\u00e4n tai kolmannen osapuolen oikeutettujen etujen toteuttamiseksi, paitsi jos rekister\u00f6idyn edut tai perusoikeudet ja -vapaudet, jotka edellytt\u00e4v\u00e4t henkil\u00f6tietojen suojaa, syrj\u00e4ytt\u00e4v\u00e4t t\u00e4llaiset edut, erityisesti jos rekister\u00f6ity on lapsi.<br>3.4. Henkil\u00f6tietojen k\u00e4sittely k\u00e4sittelyn tarkoituksen mukaisesti:<br>3.4.1. K\u00e4sittelyn tarkoitus \u2013 turvallisuus ja varmuus. Henkil\u00f6tietojen enimm\u00e4iss\u00e4ilytysaika \u2013 lain mukaisesti s\u00e4\u00e4detyt m\u00e4\u00e4r\u00e4ajat  <\/p><p>3.4.2. K\u00e4sittelyn tarkoitus \u2013 tilauksen k\u00e4sittely. Henkil\u00f6tietojen enimm\u00e4iss\u00e4ilytysaika \u2013 60 p\u00e4iv\u00e4\u00e4<\/p><p>3.4.3. K\u00e4sittelyn tarkoitus \u2013 verkkokaupan palvelujen toimivuuden varmistaminen. Henkil\u00f6tietojen enimm\u00e4iss\u00e4ilytysaika \u2013 60 p\u00e4iv\u00e4\u00e4 <\/p><p>3.4.4. K\u00e4sittelyn tarkoitus \u2013 asiakashallinta. Henkil\u00f6tietojen enimm\u00e4iss\u00e4ilytysaika \u2013 60 p\u00e4iv\u00e4\u00e4 <\/p><p>3.4.5. K\u00e4sittelyn tarkoitus \u2013 taloudellinen toiminta, kirjanpito. Henkil\u00f6tietojen enimm\u00e4iss\u00e4ilytysaika \u2013 lain mukaisesti s\u00e4\u00e4detyt m\u00e4\u00e4r\u00e4ajat <\/p><p>3.4.6. K\u00e4sittelyn tarkoitus \u2013 markkinointi. Henkil\u00f6tietojen enimm\u00e4iss\u00e4ilytysaika \u2013 90 p\u00e4iv\u00e4\u00e4<\/p><p>3.5. Rekisterinpit\u00e4j\u00e4ll\u00e4 on oikeus jakaa asiakkaiden henkil\u00f6tietoja kolmansille osapuolille, kuten valtuutetuille henkil\u00f6tietojen k\u00e4sittelij\u00f6ille, kirjanpit\u00e4jille, kuljetus- ja kuriiriyrityksille, siirtopalveluja tarjoaville yrityksille. Henkil\u00f6tietojen rekisterinpit\u00e4j\u00e4 on rekisterinpit\u00e4j\u00e4. Rekisterinpit\u00e4j\u00e4 v\u00e4litt\u00e4\u00e4 maksamiseen tarvittavat henkil\u00f6tiedot valtuutetulle k\u00e4sittelij\u00e4lle Montonio Finance O\u00dc:lle.  <\/p><p>3.6. Rekister\u00f6idyn henkil\u00f6tietojen k\u00e4sittelyss\u00e4 ja s\u00e4ilytt\u00e4misess\u00e4 rekisterinpit\u00e4j\u00e4 soveltaa organisatorisia ja teknisi\u00e4 toimenpiteit\u00e4, jotka varmistavat henkil\u00f6tietojen suojan vahingossa tapahtuvalta tai laittomalta tuhoamiselta, muuttamiselta, paljastamiselta ja muulta laittomalta k\u00e4sittelylt\u00e4.<br>3.7. Rekisterinpit\u00e4j\u00e4 s\u00e4ilytt\u00e4\u00e4 rekister\u00f6ityjen tietoja k\u00e4sittelyn tarkoituksesta riippuen, mutta enint\u00e4\u00e4n 2 vuotta.<br>4. Rekister\u00f6idyn oikeudet<br>4.1. Rekister\u00f6idyll\u00e4 on oikeus saada p\u00e4\u00e4sy henkil\u00f6tietoihinsa ja tutustua niihin.<br>4.2. Rekister\u00f6idyll\u00e4 on oikeus saada tietoa henkil\u00f6tietojensa k\u00e4sittelyst\u00e4.<br>4.3. Rekister\u00f6idyll\u00e4 on oikeus t\u00e4ydent\u00e4\u00e4 tai korjata ep\u00e4tarkkoja tietoja.    <\/p><p>.4. Jos rekisterinpit\u00e4j\u00e4 k\u00e4sittelee rekister\u00f6idyn henkil\u00f6tietoja rekister\u00f6idyn suostumuksen perusteella, rekister\u00f6idyll\u00e4 on oikeus peruuttaa suostumus milloin tahansa.<\/p><p>4.5. Rekister\u00f6ity voi k\u00e4ytt\u00e4\u00e4 oikeuksiaan ottamalla yhteytt\u00e4 verkkokaupan asiakastukeen osoitteessa kanela@kanela.ee.<\/p><p>4.6. Rekister\u00f6idyll\u00e4 on oikeuksiensa suojaamiseksi mahdollisuus tehd\u00e4 valitus Tietosuojavaltuutetun toimistoon.<br>5. Loppus\u00e4\u00e4nn\u00f6kset<br>5.1. N\u00e4m\u00e4 tietosuojak\u00e4yt\u00e4nn\u00f6t on laadittu Euroopan parlamentin ja neuvoston asetuksen (EU) N:o 2016\/679 mukaisesti luonnollisten henkil\u00f6iden suojelusta henkil\u00f6tietojen k\u00e4sittelyss\u00e4 ja n\u00e4iden tietojen vapaasta liikkuvuudesta sek\u00e4 direktiivin 95\/46\/EY kumoamisesta (yleinen tietosuoja-asetus), Viron tasavallan henkil\u00f6tietosuojalain sek\u00e4 Viron tasavallan ja Euroopan unionin lains\u00e4\u00e4d\u00e4nn\u00f6n mukaisesti.  5.2. Rekisterinpit\u00e4j\u00e4ll\u00e4 on oikeus muuttaa tietosuojak\u00e4yt\u00e4nt\u00f6j\u00e4 osittain tai kokonaan ilmoittamalla muutoksista rekister\u00f6idyille verkkosivuston oohelk.ee kautta.<\/p>\t\t\t\t\t\t\t\t<\/div>\n\t\t\t\t<\/div>\n\t\t\t\t\t<\/div>\n\t\t<\/div>\n\t\t\t\t\t<\/div>\n\t\t<\/section>\n\t\t\t\t<\/div>\n\t\t","protected":false},"excerpt":{"rendered":"<p>Tietosuojak\u00e4yt\u00e4nt\u00f6 Tietosuojak\u00e4yt\u00e4nt\u00f61. Yleiset ehdot1.1. T\u00e4m\u00e4 tietosuojak\u00e4yt\u00e4nt\u00f6 s\u00e4\u00e4telee henkil\u00f6tietojen ker\u00e4\u00e4misen, k\u00e4sittelyn ja s\u00e4ilytt\u00e4misen periaatteita. Henkil\u00f6tietoja ker\u00e4\u00e4, k\u00e4sittelee ja s\u00e4ilytt\u00e4\u00e4 henkil\u00f6tietojen rekisterinpit\u00e4j\u00e4 TAIM O\u00dc (j\u00e4ljemp\u00e4n\u00e4 rekisterinpit\u00e4j\u00e4). 1.2. Rekister\u00f6ity tietosuojak\u00e4yt\u00e4nn\u00f6n merkityksess\u00e4 on asiakas tai muu luonnollinen henkil\u00f6, jonka henkil\u00f6tietoja rekisterinpit\u00e4j\u00e4 k\u00e4sittelee.1.3. Asiakas tietosuojak\u00e4yt\u00e4nn\u00f6n merkityksess\u00e4 on jokainen, joka ostaa tavaroita tai palveluita rekisterinpit\u00e4j\u00e4n verkkosivustolta.1.4. Rekisterinpit\u00e4j\u00e4 noudattaa lains\u00e4\u00e4d\u00e4nn\u00f6ss\u00e4 s\u00e4\u00e4dettyj\u00e4 tietojenk\u00e4sittelyperiaatteita, [&hellip;]<\/p>\n","protected":false},"author":1,"featured_media":0,"parent":0,"menu_order":0,"comment_status":"closed","ping_status":"closed","template":"","meta":{"site-sidebar-layout":"no-sidebar","site-content-layout":"page-builder","ast-site-content-layout":"default","site-content-style":"default","site-sidebar-style":"default","ast-global-header-display":"","ast-banner-title-visibility":"","ast-main-header-display":"","ast-hfb-above-header-display":"","ast-hfb-below-header-display":"","ast-hfb-mobile-header-display":"","site-post-title":"disabled","ast-breadcrumbs-content":"","ast-featured-img":"disabled","footer-sml-layout":"","ast-disable-related-posts":"","theme-transparent-header-meta":"","adv-header-id-meta":"","stick-header-meta":"","header-above-stick-meta":"","header-main-stick-meta":"","header-below-stick-meta":"","astra-migrate-meta-layouts":"default","ast-page-background-enabled":"default","ast-page-background-meta":{"desktop":{"background-color":"var(--ast-global-color-4)","background-image":"","background-repeat":"repeat","background-position":"center center","background-size":"auto","background-attachment":"scroll","background-type":"","background-media":"","overlay-type":"","overlay-color":"","overlay-opacity":"","overlay-gradient":""},"tablet":{"background-color":"","background-image":"","background-repeat":"repeat","background-position":"center center","background-size":"auto","background-attachment":"scroll","background-type":"","background-media":"","overlay-type":"","overlay-color":"","overlay-opacity":"","overlay-gradient":""},"mobile":{"background-color":"","background-image":"","background-repeat":"repeat","background-position":"center center","background-size":"auto","background-attachment":"scroll","background-type":"","background-media":"","overlay-type":"","overlay-color":"","overlay-opacity":"","overlay-gradient":""}},"ast-content-background-meta":{"desktop":{"background-color":"var(--ast-global-color-5)","background-image":"","background-repeat":"repeat","background-position":"center center","background-size":"auto","background-attachment":"scroll","background-type":"","background-media":"","overlay-type":"","overlay-color":"","overlay-opacity":"","overlay-gradient":""},"tablet":{"background-color":"var(--ast-global-color-5)","background-image":"","background-repeat":"repeat","background-position":"center center","background-size":"auto","background-attachment":"scroll","background-type":"","background-media":"","overlay-type":"","overlay-color":"","overlay-opacity":"","overlay-gradient":""},"mobile":{"background-color":"var(--ast-global-color-5)","background-image":"","background-repeat":"repeat","background-position":"center center","background-size":"auto","background-attachment":"scroll","background-type":"","background-media":"","overlay-type":"","overlay-color":"","overlay-opacity":"","overlay-gradient":""}},"footnotes":""},"class_list":["post-3539","page","type-page","status-publish","hentry"],"yoast_head":"<!-- This site is optimized with the Yoast SEO plugin v27.4 - https:\/\/yoast.com\/product\/yoast-seo-wordpress\/ -->\n<title>Tietosuojak\u00e4yt\u00e4nt\u00f6 - \u00d6\u00d6HELK Heijastimet<\/title>\n<meta name=\"robots\" content=\"index, follow, max-snippet:-1, max-image-preview:large, max-video-preview:-1\" \/>\n<link rel=\"canonical\" href=\"https:\/\/oohelk.ee\/fi\/tietosuojakaytanto\/\" \/>\n<meta property=\"og:locale\" content=\"fi_FI\" \/>\n<meta property=\"og:type\" content=\"article\" \/>\n<meta property=\"og:title\" content=\"Tietosuojak\u00e4yt\u00e4nt\u00f6 - \u00d6\u00d6HELK Heijastimet\" \/>\n<meta property=\"og:description\" content=\"Tietosuojak\u00e4yt\u00e4nt\u00f6 Tietosuojak\u00e4yt\u00e4nt\u00f61. Yleiset ehdot1.1. T\u00e4m\u00e4 tietosuojak\u00e4yt\u00e4nt\u00f6 s\u00e4\u00e4telee henkil\u00f6tietojen ker\u00e4\u00e4misen, k\u00e4sittelyn ja s\u00e4ilytt\u00e4misen periaatteita. Henkil\u00f6tietoja ker\u00e4\u00e4, k\u00e4sittelee ja s\u00e4ilytt\u00e4\u00e4 henkil\u00f6tietojen rekisterinpit\u00e4j\u00e4 TAIM O\u00dc (j\u00e4ljemp\u00e4n\u00e4 rekisterinpit\u00e4j\u00e4). 1.2. Rekister\u00f6ity tietosuojak\u00e4yt\u00e4nn\u00f6n merkityksess\u00e4 on asiakas tai muu luonnollinen henkil\u00f6, jonka henkil\u00f6tietoja rekisterinpit\u00e4j\u00e4 k\u00e4sittelee.1.3. Asiakas tietosuojak\u00e4yt\u00e4nn\u00f6n merkityksess\u00e4 on jokainen, joka ostaa tavaroita tai palveluita rekisterinpit\u00e4j\u00e4n verkkosivustolta.1.4. Rekisterinpit\u00e4j\u00e4 noudattaa lains\u00e4\u00e4d\u00e4nn\u00f6ss\u00e4 s\u00e4\u00e4dettyj\u00e4 tietojenk\u00e4sittelyperiaatteita, [&hellip;]\" \/>\n<meta property=\"og:url\" content=\"https:\/\/oohelk.ee\/fi\/tietosuojakaytanto\/\" \/>\n<meta property=\"og:site_name\" content=\"\u00d6\u00d6HELK Heijastimet\" \/>\n<meta property=\"article:modified_time\" content=\"2025-07-30T09:24:28+00:00\" \/>\n<meta name=\"twitter:card\" content=\"summary_large_image\" \/>\n<meta name=\"twitter:label1\" content=\"Arvioitu lukuaika\" \/>\n\t<meta name=\"twitter:data1\" content=\"4 minuuttia\" \/>\n<script type=\"application\/ld+json\" class=\"yoast-schema-graph\">{\"@context\":\"https:\\\/\\\/schema.org\",\"@graph\":[{\"@type\":\"WebPage\",\"@id\":\"https:\\\/\\\/oohelk.ee\\\/fi\\\/tietosuojakaytanto\\\/\",\"url\":\"https:\\\/\\\/oohelk.ee\\\/fi\\\/tietosuojakaytanto\\\/\",\"name\":\"Tietosuojak\u00e4yt\u00e4nt\u00f6 - \u00d6\u00d6HELK Heijastimet\",\"isPartOf\":{\"@id\":\"https:\\\/\\\/oohelk.ee\\\/fi\\\/#website\"},\"datePublished\":\"2023-11-13T03:55:14+00:00\",\"dateModified\":\"2025-07-30T09:24:28+00:00\",\"breadcrumb\":{\"@id\":\"https:\\\/\\\/oohelk.ee\\\/fi\\\/tietosuojakaytanto\\\/#breadcrumb\"},\"inLanguage\":\"fi\",\"potentialAction\":[{\"@type\":\"ReadAction\",\"target\":[\"https:\\\/\\\/oohelk.ee\\\/fi\\\/tietosuojakaytanto\\\/\"]}]},{\"@type\":\"BreadcrumbList\",\"@id\":\"https:\\\/\\\/oohelk.ee\\\/fi\\\/tietosuojakaytanto\\\/#breadcrumb\",\"itemListElement\":[{\"@type\":\"ListItem\",\"position\":1,\"name\":\"Home\",\"item\":\"https:\\\/\\\/oohelk.ee\\\/fi\\\/\"},{\"@type\":\"ListItem\",\"position\":2,\"name\":\"Tietosuojak\u00e4yt\u00e4nt\u00f6\"}]},{\"@type\":\"WebSite\",\"@id\":\"https:\\\/\\\/oohelk.ee\\\/fi\\\/#website\",\"url\":\"https:\\\/\\\/oohelk.ee\\\/fi\\\/\",\"name\":\"\u00d6\u00d6HELK Heijastimet\",\"description\":\"\",\"publisher\":{\"@id\":\"https:\\\/\\\/oohelk.ee\\\/fi\\\/#organization\"},\"potentialAction\":[{\"@type\":\"SearchAction\",\"target\":{\"@type\":\"EntryPoint\",\"urlTemplate\":\"https:\\\/\\\/oohelk.ee\\\/fi\\\/?s={search_term_string}\"},\"query-input\":{\"@type\":\"PropertyValueSpecification\",\"valueRequired\":true,\"valueName\":\"search_term_string\"}}],\"inLanguage\":\"fi\"},{\"@type\":\"Organization\",\"@id\":\"https:\\\/\\\/oohelk.ee\\\/fi\\\/#organization\",\"name\":\"\u00d6\u00d6HELK Heijastimet\",\"url\":\"https:\\\/\\\/oohelk.ee\\\/fi\\\/\",\"logo\":{\"@type\":\"ImageObject\",\"inLanguage\":\"fi\",\"@id\":\"https:\\\/\\\/oohelk.ee\\\/fi\\\/#\\\/schema\\\/logo\\\/image\\\/\",\"url\":\"https:\\\/\\\/oohelk.ee\\\/wp-content\\\/uploads\\\/2023\\\/08\\\/OOHELK-LOGO-VALGE.png\",\"contentUrl\":\"https:\\\/\\\/oohelk.ee\\\/wp-content\\\/uploads\\\/2023\\\/08\\\/OOHELK-LOGO-VALGE.png\",\"width\":1000,\"height\":1000,\"caption\":\"\u00d6\u00d6HELK Heijastimet\"},\"image\":{\"@id\":\"https:\\\/\\\/oohelk.ee\\\/fi\\\/#\\\/schema\\\/logo\\\/image\\\/\"}}]}<\/script>\n<!-- \/ Yoast SEO plugin. -->","yoast_head_json":{"title":"Tietosuojak\u00e4yt\u00e4nt\u00f6 - \u00d6\u00d6HELK Heijastimet","robots":{"index":"index","follow":"follow","max-snippet":"max-snippet:-1","max-image-preview":"max-image-preview:large","max-video-preview":"max-video-preview:-1"},"canonical":"https:\/\/oohelk.ee\/fi\/tietosuojakaytanto\/","og_locale":"fi_FI","og_type":"article","og_title":"Tietosuojak\u00e4yt\u00e4nt\u00f6 - \u00d6\u00d6HELK Heijastimet","og_description":"Tietosuojak\u00e4yt\u00e4nt\u00f6 Tietosuojak\u00e4yt\u00e4nt\u00f61. Yleiset ehdot1.1. T\u00e4m\u00e4 tietosuojak\u00e4yt\u00e4nt\u00f6 s\u00e4\u00e4telee henkil\u00f6tietojen ker\u00e4\u00e4misen, k\u00e4sittelyn ja s\u00e4ilytt\u00e4misen periaatteita. Henkil\u00f6tietoja ker\u00e4\u00e4, k\u00e4sittelee ja s\u00e4ilytt\u00e4\u00e4 henkil\u00f6tietojen rekisterinpit\u00e4j\u00e4 TAIM O\u00dc (j\u00e4ljemp\u00e4n\u00e4 rekisterinpit\u00e4j\u00e4). 1.2. Rekister\u00f6ity tietosuojak\u00e4yt\u00e4nn\u00f6n merkityksess\u00e4 on asiakas tai muu luonnollinen henkil\u00f6, jonka henkil\u00f6tietoja rekisterinpit\u00e4j\u00e4 k\u00e4sittelee.1.3. Asiakas tietosuojak\u00e4yt\u00e4nn\u00f6n merkityksess\u00e4 on jokainen, joka ostaa tavaroita tai palveluita rekisterinpit\u00e4j\u00e4n verkkosivustolta.1.4. Rekisterinpit\u00e4j\u00e4 noudattaa lains\u00e4\u00e4d\u00e4nn\u00f6ss\u00e4 s\u00e4\u00e4dettyj\u00e4 tietojenk\u00e4sittelyperiaatteita, [&hellip;]","og_url":"https:\/\/oohelk.ee\/fi\/tietosuojakaytanto\/","og_site_name":"\u00d6\u00d6HELK Heijastimet","article_modified_time":"2025-07-30T09:24:28+00:00","twitter_card":"summary_large_image","twitter_misc":{"Arvioitu lukuaika":"4 minuuttia"},"schema":{"@context":"https:\/\/schema.org","@graph":[{"@type":"WebPage","@id":"https:\/\/oohelk.ee\/fi\/tietosuojakaytanto\/","url":"https:\/\/oohelk.ee\/fi\/tietosuojakaytanto\/","name":"Tietosuojak\u00e4yt\u00e4nt\u00f6 - \u00d6\u00d6HELK Heijastimet","isPartOf":{"@id":"https:\/\/oohelk.ee\/fi\/#website"},"datePublished":"2023-11-13T03:55:14+00:00","dateModified":"2025-07-30T09:24:28+00:00","breadcrumb":{"@id":"https:\/\/oohelk.ee\/fi\/tietosuojakaytanto\/#breadcrumb"},"inLanguage":"fi","potentialAction":[{"@type":"ReadAction","target":["https:\/\/oohelk.ee\/fi\/tietosuojakaytanto\/"]}]},{"@type":"BreadcrumbList","@id":"https:\/\/oohelk.ee\/fi\/tietosuojakaytanto\/#breadcrumb","itemListElement":[{"@type":"ListItem","position":1,"name":"Home","item":"https:\/\/oohelk.ee\/fi\/"},{"@type":"ListItem","position":2,"name":"Tietosuojak\u00e4yt\u00e4nt\u00f6"}]},{"@type":"WebSite","@id":"https:\/\/oohelk.ee\/fi\/#website","url":"https:\/\/oohelk.ee\/fi\/","name":"\u00d6\u00d6HELK Heijastimet","description":"","publisher":{"@id":"https:\/\/oohelk.ee\/fi\/#organization"},"potentialAction":[{"@type":"SearchAction","target":{"@type":"EntryPoint","urlTemplate":"https:\/\/oohelk.ee\/fi\/?s={search_term_string}"},"query-input":{"@type":"PropertyValueSpecification","valueRequired":true,"valueName":"search_term_string"}}],"inLanguage":"fi"},{"@type":"Organization","@id":"https:\/\/oohelk.ee\/fi\/#organization","name":"\u00d6\u00d6HELK Heijastimet","url":"https:\/\/oohelk.ee\/fi\/","logo":{"@type":"ImageObject","inLanguage":"fi","@id":"https:\/\/oohelk.ee\/fi\/#\/schema\/logo\/image\/","url":"https:\/\/oohelk.ee\/wp-content\/uploads\/2023\/08\/OOHELK-LOGO-VALGE.png","contentUrl":"https:\/\/oohelk.ee\/wp-content\/uploads\/2023\/08\/OOHELK-LOGO-VALGE.png","width":1000,"height":1000,"caption":"\u00d6\u00d6HELK Heijastimet"},"image":{"@id":"https:\/\/oohelk.ee\/fi\/#\/schema\/logo\/image\/"}}]}},"jetpack_sharing_enabled":true,"_links":{"self":[{"href":"https:\/\/oohelk.ee\/fi\/wp-json\/wp\/v2\/pages\/3539","targetHints":{"allow":["GET"]}}],"collection":[{"href":"https:\/\/oohelk.ee\/fi\/wp-json\/wp\/v2\/pages"}],"about":[{"href":"https:\/\/oohelk.ee\/fi\/wp-json\/wp\/v2\/types\/page"}],"author":[{"embeddable":true,"href":"https:\/\/oohelk.ee\/fi\/wp-json\/wp\/v2\/users\/1"}],"replies":[{"embeddable":true,"href":"https:\/\/oohelk.ee\/fi\/wp-json\/wp\/v2\/comments?post=3539"}],"version-history":[{"count":1,"href":"https:\/\/oohelk.ee\/fi\/wp-json\/wp\/v2\/pages\/3539\/revisions"}],"predecessor-version":[{"id":3540,"href":"https:\/\/oohelk.ee\/fi\/wp-json\/wp\/v2\/pages\/3539\/revisions\/3540"}],"wp:attachment":[{"href":"https:\/\/oohelk.ee\/fi\/wp-json\/wp\/v2\/media?parent=3539"}],"curies":[{"name":"wp","href":"https:\/\/api.w.org\/{rel}","templated":true}]}}