{"id":3779,"date":"2024-12-03T13:26:54","date_gmt":"2024-12-03T13:26:54","guid":{"rendered":"https:\/\/oohelk.ee\/product\/reflective-earrings-maple-leaf\/"},"modified":"2025-11-14T14:52:31","modified_gmt":"2025-11-14T14:52:31","slug":"reflective-earrings-maple-leaf","status":"publish","type":"product","link":"https:\/\/oohelk.ee\/en\/product\/reflective-earrings-maple-leaf\/","title":{"rendered":"Reflective Earrings &#8220;Maple Leaf&#8221;"},"content":{"rendered":"<p>\u00d6\u00d6HELK maple leaf\u2013design earrings bring natural beauty and elegance to your look. Made from recycled plexiglass and coated with a reflective layer, these earrings ensure you&#8217;re visible even in the dark. The geometric maple leaf shape adds personality and style to your everyday outfits. The earring backs are made of surgical steel, making them suitable for sensitive skin.<br \/>Available in two sizes, so you can find the perfect fit \u2014 whatever the occasion.     <\/p>\n","protected":false},"excerpt":{"rendered":"<p>\u00d6\u00d6HELK earrings are made from recycled plexiglass and coated with a reflective layer that meets EU standards.<br \/>Available in two sizes \u2013 large and small. The earring backs are made of surgical steel.  <\/p>\n","protected":false},"featured_media":3125,"template":"","meta":{"site-sidebar-layout":"default","site-content-layout":"","ast-site-content-layout":"default","site-content-style":"default","site-sidebar-style":"default","ast-global-header-display":"","ast-banner-title-visibility":"","ast-main-header-display":"","ast-hfb-above-header-display":"","ast-hfb-below-header-display":"","ast-hfb-mobile-header-display":"","site-post-title":"","ast-breadcrumbs-content":"","ast-featured-img":"","footer-sml-layout":"","ast-disable-related-posts":"","theme-transparent-header-meta":"default","adv-header-id-meta":"","stick-header-meta":"","header-above-stick-meta":"","header-main-stick-meta":"","header-below-stick-meta":"","astra-migrate-meta-layouts":"default","ast-page-background-enabled":"default","ast-page-background-meta":{"desktop":{"background-color":"var(--ast-global-color-4)","background-image":"","background-repeat":"repeat","background-position":"center center","background-size":"auto","background-attachment":"scroll","background-type":"","background-media":"","overlay-type":"","overlay-color":"","overlay-opacity":"","overlay-gradient":""},"tablet":{"background-color":"","background-image":"","background-repeat":"repeat","background-position":"center center","background-size":"auto","background-attachment":"scroll","background-type":"","background-media":"","overlay-type":"","overlay-color":"","overlay-opacity":"","overlay-gradient":""},"mobile":{"background-color":"","background-image":"","background-repeat":"repeat","background-position":"center center","background-size":"auto","background-attachment":"scroll","background-type":"","background-media":"","overlay-type":"","overlay-color":"","overlay-opacity":"","overlay-gradient":""}},"ast-content-background-meta":{"desktop":{"background-color":"var(--ast-global-color-5)","background-image":"","background-repeat":"repeat","background-position":"center center","background-size":"auto","background-attachment":"scroll","background-type":"","background-media":"","overlay-type":"","overlay-color":"","overlay-opacity":"","overlay-gradient":""},"tablet":{"background-color":"var(--ast-global-color-5)","background-image":"","background-repeat":"repeat","background-position":"center center","background-size":"auto","background-attachment":"scroll","background-type":"","background-media":"","overlay-type":"","overlay-color":"","overlay-opacity":"","overlay-gradient":""},"mobile":{"background-color":"var(--ast-global-color-5)","background-image":"","background-repeat":"repeat","background-position":"center center","background-size":"auto","background-attachment":"scroll","background-type":"","background-media":"","overlay-type":"","overlay-color":"","overlay-opacity":"","overlay-gradient":""}}},"product_brand":[],"product_cat":[57],"product_tag":[],"class_list":{"0":"post-3779","1":"product","2":"type-product","3":"status-publish","4":"has-post-thumbnail","6":"product_cat-earrings","7":"desktop-align-center","8":"tablet-align-left","9":"mobile-align-left","11":"first","12":"instock","13":"sale","14":"shipping-taxable","15":"purchasable","16":"product-type-variable"},"supplier_id":null,"supplier_sku":"","barcode":null,"atum_controlled":true,"out_stock_date":null,"out_stock_threshold":null,"inheritable":true,"inbound_stock":null,"stock_on_hold":0,"sold_today":0,"sales_last_days":0,"reserved_stock":null,"customer_returns":null,"warehouse_damage":null,"lost_in_post":null,"other_logs":null,"out_stock_days":0,"lost_sales":0,"has_location":false,"update_date":"2026-04-16T00:34:26","atum_locations":[],"atum_stock_status":"instock","restock_status":false,"low_stock_amount":"","sales_update_date":"2026-04-16T00:34:26","calc_backorders":null,"yoast_head":"<!-- This site is optimized with the Yoast SEO plugin v27.4 - https:\/\/yoast.com\/product\/yoast-seo-wordpress\/ -->\n<title>Reflective Earrings &quot;Maple Leaf&quot; - \u00d6\u00d6HELK Helkurid<\/title>\n<meta name=\"description\" content=\"\u00d6\u00d6HELK maple leaf\u2013design reflective earrings, made from recycled plexiglass and coated with a reflective layer.\" \/>\n<meta name=\"robots\" content=\"index, follow, max-snippet:-1, max-image-preview:large, max-video-preview:-1\" \/>\n<link rel=\"canonical\" href=\"https:\/\/oohelk.ee\/en\/product\/reflective-earrings-maple-leaf\/\" \/>\n<meta property=\"og:locale\" content=\"en_US\" \/>\n<meta property=\"og:type\" content=\"article\" \/>\n<meta property=\"og:title\" content=\"Reflective Earrings &quot;Maple Leaf&quot; - \u00d6\u00d6HELK Helkurid\" \/>\n<meta property=\"og:description\" content=\"\u00d6\u00d6HELK maple leaf\u2013design reflective earrings, made from recycled plexiglass and coated with a reflective layer.\" \/>\n<meta property=\"og:url\" content=\"https:\/\/oohelk.ee\/en\/product\/reflective-earrings-maple-leaf\/\" \/>\n<meta property=\"og:site_name\" content=\"\u00d6\u00d6HELK Helkurid\" \/>\n<meta property=\"article:modified_time\" content=\"2025-11-14T14:52:31+00:00\" \/>\n<meta property=\"og:image\" content=\"https:\/\/oohelk.ee\/wp-content\/uploads\/2024\/12\/DSC_1466-scaled.jpg\" \/>\n\t<meta property=\"og:image:width\" content=\"2560\" \/>\n\t<meta property=\"og:image:height\" content=\"2560\" \/>\n\t<meta property=\"og:image:type\" content=\"image\/jpeg\" \/>\n<meta name=\"twitter:card\" content=\"summary_large_image\" \/>\n<script type=\"application\/ld+json\" class=\"yoast-schema-graph\">{\"@context\":\"https:\\\/\\\/schema.org\",\"@graph\":[{\"@type\":\"WebPage\",\"@id\":\"https:\\\/\\\/oohelk.ee\\\/en\\\/product\\\/reflective-earrings-maple-leaf\\\/\",\"url\":\"https:\\\/\\\/oohelk.ee\\\/en\\\/product\\\/reflective-earrings-maple-leaf\\\/\",\"name\":\"Reflective Earrings \\\"Maple Leaf\\\" - \u00d6\u00d6HELK Helkurid\",\"isPartOf\":{\"@id\":\"https:\\\/\\\/oohelk.ee\\\/en\\\/#website\"},\"primaryImageOfPage\":{\"@id\":\"https:\\\/\\\/oohelk.ee\\\/en\\\/product\\\/reflective-earrings-maple-leaf\\\/#primaryimage\"},\"image\":{\"@id\":\"https:\\\/\\\/oohelk.ee\\\/en\\\/product\\\/reflective-earrings-maple-leaf\\\/#primaryimage\"},\"thumbnailUrl\":\"https:\\\/\\\/oohelk.ee\\\/wp-content\\\/uploads\\\/2024\\\/12\\\/DSC_1466-scaled.jpg\",\"datePublished\":\"2024-12-03T13:26:54+00:00\",\"dateModified\":\"2025-11-14T14:52:31+00:00\",\"description\":\"\u00d6\u00d6HELK maple leaf\u2013design reflective earrings, made from recycled plexiglass and coated with a reflective layer.\",\"breadcrumb\":{\"@id\":\"https:\\\/\\\/oohelk.ee\\\/en\\\/product\\\/reflective-earrings-maple-leaf\\\/#breadcrumb\"},\"inLanguage\":\"en-US\",\"potentialAction\":[{\"@type\":\"ReadAction\",\"target\":[\"https:\\\/\\\/oohelk.ee\\\/en\\\/product\\\/reflective-earrings-maple-leaf\\\/\"]}]},{\"@type\":\"ImageObject\",\"inLanguage\":\"en-US\",\"@id\":\"https:\\\/\\\/oohelk.ee\\\/en\\\/product\\\/reflective-earrings-maple-leaf\\\/#primaryimage\",\"url\":\"https:\\\/\\\/oohelk.ee\\\/wp-content\\\/uploads\\\/2024\\\/12\\\/DSC_1466-scaled.jpg\",\"contentUrl\":\"https:\\\/\\\/oohelk.ee\\\/wp-content\\\/uploads\\\/2024\\\/12\\\/DSC_1466-scaled.jpg\",\"width\":2560,\"height\":2560,\"caption\":\"\u00d6\u00d6HELK maple leaf earrings \u2013 a perfect choice for everyday wear.\"},{\"@type\":\"BreadcrumbList\",\"@id\":\"https:\\\/\\\/oohelk.ee\\\/en\\\/product\\\/reflective-earrings-maple-leaf\\\/#breadcrumb\",\"itemListElement\":[{\"@type\":\"ListItem\",\"position\":1,\"name\":\"Home\",\"item\":\"https:\\\/\\\/oohelk.ee\\\/en\\\/\"},{\"@type\":\"ListItem\",\"position\":2,\"name\":\"Shop\",\"item\":\"https:\\\/\\\/oohelk.ee\\\/en\\\/shop\\\/\"},{\"@type\":\"ListItem\",\"position\":3,\"name\":\"Reflective Earrings &#8220;Maple Leaf&#8221;\"}]},{\"@type\":\"WebSite\",\"@id\":\"https:\\\/\\\/oohelk.ee\\\/en\\\/#website\",\"url\":\"https:\\\/\\\/oohelk.ee\\\/en\\\/\",\"name\":\"\u00d6\u00d6HELK Helkurid\",\"description\":\"\",\"publisher\":{\"@id\":\"https:\\\/\\\/oohelk.ee\\\/en\\\/#organization\"},\"potentialAction\":[{\"@type\":\"SearchAction\",\"target\":{\"@type\":\"EntryPoint\",\"urlTemplate\":\"https:\\\/\\\/oohelk.ee\\\/en\\\/?s={search_term_string}\"},\"query-input\":{\"@type\":\"PropertyValueSpecification\",\"valueRequired\":true,\"valueName\":\"search_term_string\"}}],\"inLanguage\":\"en-US\"},{\"@type\":\"Organization\",\"@id\":\"https:\\\/\\\/oohelk.ee\\\/en\\\/#organization\",\"name\":\"\u00d6\u00d6HELK Helkurid\",\"url\":\"https:\\\/\\\/oohelk.ee\\\/en\\\/\",\"logo\":{\"@type\":\"ImageObject\",\"inLanguage\":\"en-US\",\"@id\":\"https:\\\/\\\/oohelk.ee\\\/en\\\/#\\\/schema\\\/logo\\\/image\\\/\",\"url\":\"https:\\\/\\\/oohelk.ee\\\/wp-content\\\/uploads\\\/2023\\\/08\\\/OOHELK-LOGO-VALGE.png\",\"contentUrl\":\"https:\\\/\\\/oohelk.ee\\\/wp-content\\\/uploads\\\/2023\\\/08\\\/OOHELK-LOGO-VALGE.png\",\"width\":1000,\"height\":1000,\"caption\":\"\u00d6\u00d6HELK Helkurid\"},\"image\":{\"@id\":\"https:\\\/\\\/oohelk.ee\\\/en\\\/#\\\/schema\\\/logo\\\/image\\\/\"}}]}<\/script>\n<!-- \/ Yoast SEO plugin. -->","yoast_head_json":{"title":"Reflective Earrings \"Maple Leaf\" - \u00d6\u00d6HELK Helkurid","description":"\u00d6\u00d6HELK maple leaf\u2013design reflective earrings, made from recycled plexiglass and coated with a reflective layer.","robots":{"index":"index","follow":"follow","max-snippet":"max-snippet:-1","max-image-preview":"max-image-preview:large","max-video-preview":"max-video-preview:-1"},"canonical":"https:\/\/oohelk.ee\/en\/product\/reflective-earrings-maple-leaf\/","og_locale":"en_US","og_type":"article","og_title":"Reflective Earrings \"Maple Leaf\" - \u00d6\u00d6HELK Helkurid","og_description":"\u00d6\u00d6HELK maple leaf\u2013design reflective earrings, made from recycled plexiglass and coated with a reflective layer.","og_url":"https:\/\/oohelk.ee\/en\/product\/reflective-earrings-maple-leaf\/","og_site_name":"\u00d6\u00d6HELK Helkurid","article_modified_time":"2025-11-14T14:52:31+00:00","og_image":[{"width":2560,"height":2560,"url":"https:\/\/oohelk.ee\/wp-content\/uploads\/2024\/12\/DSC_1466-scaled.jpg","type":"image\/jpeg"}],"twitter_card":"summary_large_image","schema":{"@context":"https:\/\/schema.org","@graph":[{"@type":"WebPage","@id":"https:\/\/oohelk.ee\/en\/product\/reflective-earrings-maple-leaf\/","url":"https:\/\/oohelk.ee\/en\/product\/reflective-earrings-maple-leaf\/","name":"Reflective Earrings \"Maple Leaf\" - \u00d6\u00d6HELK Helkurid","isPartOf":{"@id":"https:\/\/oohelk.ee\/en\/#website"},"primaryImageOfPage":{"@id":"https:\/\/oohelk.ee\/en\/product\/reflective-earrings-maple-leaf\/#primaryimage"},"image":{"@id":"https:\/\/oohelk.ee\/en\/product\/reflective-earrings-maple-leaf\/#primaryimage"},"thumbnailUrl":"https:\/\/oohelk.ee\/wp-content\/uploads\/2024\/12\/DSC_1466-scaled.jpg","datePublished":"2024-12-03T13:26:54+00:00","dateModified":"2025-11-14T14:52:31+00:00","description":"\u00d6\u00d6HELK maple leaf\u2013design reflective earrings, made from recycled plexiglass and coated with a reflective layer.","breadcrumb":{"@id":"https:\/\/oohelk.ee\/en\/product\/reflective-earrings-maple-leaf\/#breadcrumb"},"inLanguage":"en-US","potentialAction":[{"@type":"ReadAction","target":["https:\/\/oohelk.ee\/en\/product\/reflective-earrings-maple-leaf\/"]}]},{"@type":"ImageObject","inLanguage":"en-US","@id":"https:\/\/oohelk.ee\/en\/product\/reflective-earrings-maple-leaf\/#primaryimage","url":"https:\/\/oohelk.ee\/wp-content\/uploads\/2024\/12\/DSC_1466-scaled.jpg","contentUrl":"https:\/\/oohelk.ee\/wp-content\/uploads\/2024\/12\/DSC_1466-scaled.jpg","width":2560,"height":2560,"caption":"\u00d6\u00d6HELK maple leaf earrings \u2013 a perfect choice for everyday wear."},{"@type":"BreadcrumbList","@id":"https:\/\/oohelk.ee\/en\/product\/reflective-earrings-maple-leaf\/#breadcrumb","itemListElement":[{"@type":"ListItem","position":1,"name":"Home","item":"https:\/\/oohelk.ee\/en\/"},{"@type":"ListItem","position":2,"name":"Shop","item":"https:\/\/oohelk.ee\/en\/shop\/"},{"@type":"ListItem","position":3,"name":"Reflective Earrings &#8220;Maple Leaf&#8221;"}]},{"@type":"WebSite","@id":"https:\/\/oohelk.ee\/en\/#website","url":"https:\/\/oohelk.ee\/en\/","name":"\u00d6\u00d6HELK Helkurid","description":"","publisher":{"@id":"https:\/\/oohelk.ee\/en\/#organization"},"potentialAction":[{"@type":"SearchAction","target":{"@type":"EntryPoint","urlTemplate":"https:\/\/oohelk.ee\/en\/?s={search_term_string}"},"query-input":{"@type":"PropertyValueSpecification","valueRequired":true,"valueName":"search_term_string"}}],"inLanguage":"en-US"},{"@type":"Organization","@id":"https:\/\/oohelk.ee\/en\/#organization","name":"\u00d6\u00d6HELK Helkurid","url":"https:\/\/oohelk.ee\/en\/","logo":{"@type":"ImageObject","inLanguage":"en-US","@id":"https:\/\/oohelk.ee\/en\/#\/schema\/logo\/image\/","url":"https:\/\/oohelk.ee\/wp-content\/uploads\/2023\/08\/OOHELK-LOGO-VALGE.png","contentUrl":"https:\/\/oohelk.ee\/wp-content\/uploads\/2023\/08\/OOHELK-LOGO-VALGE.png","width":1000,"height":1000,"caption":"\u00d6\u00d6HELK Helkurid"},"image":{"@id":"https:\/\/oohelk.ee\/en\/#\/schema\/logo\/image\/"}}]}},"jetpack_sharing_enabled":true,"_links":{"self":[{"href":"https:\/\/oohelk.ee\/en\/wp-json\/wp\/v2\/product\/3779","targetHints":{"allow":["GET"]}}],"collection":[{"href":"https:\/\/oohelk.ee\/en\/wp-json\/wp\/v2\/product"}],"about":[{"href":"https:\/\/oohelk.ee\/en\/wp-json\/wp\/v2\/types\/product"}],"wp:featuredmedia":[{"embeddable":true,"href":"https:\/\/oohelk.ee\/en\/wp-json\/wp\/v2\/media\/3125"}],"wp:attachment":[{"href":"https:\/\/oohelk.ee\/en\/wp-json\/wp\/v2\/media?parent=3779"}],"wp:term":[{"taxonomy":"product_brand","embeddable":true,"href":"https:\/\/oohelk.ee\/en\/wp-json\/wp\/v2\/product_brand?post=3779"},{"taxonomy":"product_cat","embeddable":true,"href":"https:\/\/oohelk.ee\/en\/wp-json\/wp\/v2\/product_cat?post=3779"},{"taxonomy":"product_tag","embeddable":true,"href":"https:\/\/oohelk.ee\/en\/wp-json\/wp\/v2\/product_tag?post=3779"}],"curies":[{"name":"wp","href":"https:\/\/api.w.org\/{rel}","templated":true}]}}