{"id":3659,"date":"2023-11-13T04:13:40","date_gmt":"2023-11-13T04:13:40","guid":{"rendered":"https:\/\/oohelk.ee\/terms-and-conditions\/"},"modified":"2025-08-15T13:02:59","modified_gmt":"2025-08-15T13:02:59","slug":"terms-and-conditions","status":"publish","type":"page","link":"https:\/\/oohelk.ee\/en\/terms-and-conditions\/","title":{"rendered":"Terms and Conditions"},"content":{"rendered":"\t\t<div data-elementor-type=\"wp-page\" data-elementor-id=\"3659\" class=\"elementor elementor-3659 elementor-215\" data-elementor-post-type=\"page\">\n\t\t\t\t\t\t<section class=\"elementor-section elementor-top-section elementor-element elementor-element-81fd03f elementor-section-boxed elementor-section-height-default elementor-section-height-default\" data-id=\"81fd03f\" data-element_type=\"section\" data-e-type=\"section\">\n\t\t\t\t\t\t<div class=\"elementor-container elementor-column-gap-default\">\n\t\t\t\t\t<div class=\"elementor-column elementor-col-100 elementor-top-column elementor-element elementor-element-9f64d1c\" data-id=\"9f64d1c\" data-element_type=\"column\" data-e-type=\"column\">\n\t\t\t<div class=\"elementor-widget-wrap elementor-element-populated\">\n\t\t\t\t\t\t<div class=\"elementor-element elementor-element-f81d419 elementor-widget elementor-widget-heading\" data-id=\"f81d419\" data-element_type=\"widget\" data-e-type=\"widget\" data-widget_type=\"heading.default\">\n\t\t\t\t<div class=\"elementor-widget-container\">\n\t\t\t\t\t<h2 class=\"elementor-heading-title elementor-size-default\">Terms and Conditions<\/h2>\t\t\t\t<\/div>\n\t\t\t\t<\/div>\n\t\t\t\t\t<\/div>\n\t\t<\/div>\n\t\t\t\t\t<\/div>\n\t\t<\/section>\n\t\t\t\t<section class=\"elementor-section elementor-top-section elementor-element elementor-element-7393ca7 elementor-section-boxed elementor-section-height-default elementor-section-height-default\" data-id=\"7393ca7\" data-element_type=\"section\" data-e-type=\"section\">\n\t\t\t\t\t\t<div class=\"elementor-container elementor-column-gap-default\">\n\t\t\t\t\t<div class=\"elementor-column elementor-col-100 elementor-top-column elementor-element elementor-element-ccf0fc1\" data-id=\"ccf0fc1\" data-element_type=\"column\" data-e-type=\"column\">\n\t\t\t<div class=\"elementor-widget-wrap elementor-element-populated\">\n\t\t\t\t\t\t<div class=\"elementor-element elementor-element-5ddc49c elementor-widget__width-initial elementor-widget elementor-widget-text-editor\" data-id=\"5ddc49c\" data-element_type=\"widget\" data-e-type=\"widget\" data-widget_type=\"text-editor.default\">\n\t\t\t\t<div class=\"elementor-widget-container\">\n\t\t\t\t\t\t\t\t\t<p>ONLINE STORE TERMS AND CONDITIONS<\/p><p>The owner of the online store www.oohelk.ee (hereinafter referred to as the Online Store) is TAIM O\u00dc (registry code 17066078), located at Kaarna tn 27e Tallinn Harjumaa 12916.<\/p><p>Validity of the Sales Agreement, Product and Price Information<br>These terms and conditions apply to purchases made from the Online Store.<br>The prices of products sold in the Online Store are indicated next to the products. A delivery fee is added to the price. All prices of goods sold in the online store are in euros.<br>The delivery fee depends on the buyer&#8217;s location and the delivery method. The delivery fee is displayed to the buyer when placing the order.<br>Information about the goods is provided directly next to the goods in the Online Store.<br>Placing an Order<br>Here, the merchant must proceed according to their online store&#8217;s purchase completion solution.<br>To order goods, add the desired products to the shopping cart. To place an order, you must fill in the required data fields and select a suitable product delivery method. Then, the amount payable will be displayed on the screen, which can be paid securely through the following payment methods:<br>Delete payment methods not used by the online store and add others if additional payment solutions are in use.<br>* Estonian bank payments: Swedbank, SEB, Luminor, LHV, Coop Pank, Citadele, Pocopay<br>* Finnish bank links: Aktia, \u00c5landsbanken, Danske, Handelsbanken, Nordea, Oma S\u00e4\u00e4stopankki, Pohjola, POP Pankki, S-Pankki, S\u00e4\u00e4stopankki<br>* Latvian bank payments: Swedbank, SEB, Citadele, Citadele and Luminor<br>* Lithuanian bank payments: Swedbank, SEB, Citadele, ?iauliu and Luminor     <\/p><p>NB! When paying with a bank link, be sure to click the \u201cBack to merchant\u201d button on the bank&#8217;s page. <\/p><p>Payments are mediated by Montonio Finance UAB. Payment takes place in a secure environment outside the Online Store \u2013 when paying with a bank link, in the secure environment of the respective bank, and when paying with a credit card, in the secure environment of Maksekeskus AS. The seller does not have access to the customer&#8217;s bank and credit card details. The agreement enters into force upon receipt of the amount due to the Online Store&#8217;s bank account.   <\/p><p>The owner of the Online Store is the responsible data controller for personal data and transfers the personal data necessary for processing payments to the authorized processor Montonio Finance UAB.<br>If the ordered goods cannot be delivered due to the goods being out of stock or for any other reason, the buyer will be informed as soon as possible, and the paid money (including delivery costs) will be refunded without delay, but no later than within 14 days of sending the notification.<br>Delivery<br>Goods are shipped to the following countries: Estonia, Latvia, Lithuania, Finland, Sweden, Norway, Germany<br>To pick up the goods, the buyer has the following options: indicate here, for example, the partners of the online store\u2019s parcel machines, courier companies, the option of picking up the goods yourself.<br>Shipping costs are borne by the buyer, and the corresponding price information is displayed next to the shipping method.<br>Shipments within Estonia generally reach the destination specified by the buyer within 9 working days from the entry into force of the sales agreement. Outside Estonia, delivery takes place within 20 calendar days.<br>In exceptional cases, the right to deliver the goods extends up to 45 calendar days.<br>Right of Withdrawal<br>After receiving the order, the buyer has the right to withdraw from the contract concluded in the e-shop within 14 days. <\/p><p>NB! Depending on the products, the buyer may not have the right of withdrawal; in such cases, the relevant products and services must be listed and must comply with the conditions listed in \u00a7 53 (4) of the Law of Obligations Act. <\/p><p>The right of withdrawal does not apply if the buyer is a legal entity.<br>To exercise the 14-day right of return, the ordered goods must not be used in any way other than what is necessary to ascertain the nature, characteristics, and functioning of the goods, in a manner permitted for testing goods in a physical store.<br>If the goods have been used for purposes other than what is necessary to ascertain their nature, characteristics, and functioning, or if they show signs of use or wear, the Online Store has the right to reduce the refund amount in proportion to the decrease in the value of the goods.<br>To return the goods, a withdrawal application for the purchase of the goods must be submitted and sent to the email address kanela@kanela.ee no later than 14 days from the receipt of the goods.<\/p><p>The costs of returning the goods are borne by the buyer, except when the reason for return is that the product to be returned does not match what was ordered (e.g., wrong or defective product).<br>The buyer must return the goods within 14 days following the submission of the application or provide proof that they have handed over the goods to the carrier within the aforementioned period.<br>Upon receiving the returned goods, the Online Store will refund all payments received from the buyer under the contract without delay, but no later than 14 days from the receipt of the withdrawal application.<br>The Online Store may refuse to make refunds until it has received the item that is the subject of the contract or until the buyer has provided proof that they have sent the item back, whichever occurs first.<\/p><p data-start=\"176\" data-end=\"231\"><strong data-start=\"773\" data-end=\"833\">Returns from Outside Estonia (Finland and Other Countries)<\/strong><\/p><p data-start=\"837\" data-end=\"1046\">If the buyer wishes to return goods from outside Estonia (e.g., from Finland), they must arrange the return through their country&#8217;s postal service and cover all return-related costs themselves.<br data-start=\"1007\" data-end=\"1010\">Returns should be sent to:<\/p><p data-start=\"1048\" data-end=\"1106\"><strong data-start=\"1048\" data-end=\"1104\">ORLIIN O\u00dc<br data-start=\"1059\" data-end=\"1062\">Tehnika 117-14<br data-start=\"1076\" data-end=\"1079\">Tallinn 10139<br data-start=\"1092\" data-end=\"1095\">Estonia<\/strong><\/p><p>The online store has the right to withdraw from a sales transaction and demand the return of the goods from the buyer if the price of the goods in the online store is significantly below the market price due to an error.<br>Right to make a claim<\/p><p>The Online Store is responsible for any non-conformity or defect of the goods sold to the buyer that existed at the time of delivery and appears within two years from the delivery of the goods to the buyer. Within this 1 year from the delivery of the item to the buyer, it is presumed that the defect existed at the time of delivery. It is the Online Store&#8217;s obligation to refute this presumption.   <\/p><p>If a defect appears, the buyer has the right to contact the online store within two months at the latest by sending an email to kanela@kanela.ee.<br>The Online Store is not responsible for defects that have arisen after the goods have been handed over to the buyer.<br>If goods purchased from the Online Store have defects for which the Online Store is responsible, the Online Store will repair or replace the defective goods. If the goods cannot be repaired or replaced, the Online Store will refund all payments associated with the sales contract to the buyer. <\/p><p>The Online Store will respond to the consumer&#8217;s complaint in writing or in a form allowing written reproduction within 15 days.<\/p><p>Direct Marketing and Personal Data Processing<br>The Online Store uses personal data entered by the buyer only for processing the order and sending the goods to the buyer. The Online Store transfers personal data to transport service providers for the purpose of delivering the goods. <\/p><p>Dispute Resolution<br>If the buyer has complaints regarding the Online Store, these must be sent to the email address kanela@kanela.ee<\/p><p>If the buyer and the Online Store cannot resolve the dispute by agreement, the buyer can turn to the Consumer Disputes Committee. You can familiarize yourself with the procedural conditions and submit an application here. The Consumer Disputes Committee is competent to resolve disputes arising from the contract concluded between the buyer and the Online Store. The review of the buyer&#8217;s complaint by the committee is free of charge.   <\/p><p>The buyer may turn to the European Union&#8217;s consumer dispute resolution platform.<\/p>\t\t\t\t\t\t\t\t<\/div>\n\t\t\t\t<\/div>\n\t\t\t\t\t<\/div>\n\t\t<\/div>\n\t\t\t\t\t<\/div>\n\t\t<\/section>\n\t\t\t\t<\/div>\n\t\t","protected":false},"excerpt":{"rendered":"<p>Terms and Conditions ONLINE STORE TERMS AND CONDITIONS The owner of the online store www.oohelk.ee (hereinafter referred to as the Online Store) is TAIM O\u00dc (registry code 17066078), located at Kaarna tn 27e Tallinn Harjumaa 12916. Validity of the Sales Agreement, Product and Price InformationThese terms and conditions apply to purchases made from the Online [&hellip;]<\/p>\n","protected":false},"author":1,"featured_media":0,"parent":0,"menu_order":0,"comment_status":"closed","ping_status":"closed","template":"","meta":{"site-sidebar-layout":"no-sidebar","site-content-layout":"page-builder","ast-site-content-layout":"default","site-content-style":"default","site-sidebar-style":"default","ast-global-header-display":"","ast-banner-title-visibility":"","ast-main-header-display":"","ast-hfb-above-header-display":"","ast-hfb-below-header-display":"","ast-hfb-mobile-header-display":"","site-post-title":"","ast-breadcrumbs-content":"","ast-featured-img":"disabled","footer-sml-layout":"","ast-disable-related-posts":"","theme-transparent-header-meta":"","adv-header-id-meta":"","stick-header-meta":"","header-above-stick-meta":"","header-main-stick-meta":"","header-below-stick-meta":"","astra-migrate-meta-layouts":"default","ast-page-background-enabled":"default","ast-page-background-meta":{"desktop":{"background-color":"var(--ast-global-color-4)","background-image":"","background-repeat":"repeat","background-position":"center center","background-size":"auto","background-attachment":"scroll","background-type":"","background-media":"","overlay-type":"","overlay-color":"","overlay-opacity":"","overlay-gradient":""},"tablet":{"background-color":"","background-image":"","background-repeat":"repeat","background-position":"center center","background-size":"auto","background-attachment":"scroll","background-type":"","background-media":"","overlay-type":"","overlay-color":"","overlay-opacity":"","overlay-gradient":""},"mobile":{"background-color":"","background-image":"","background-repeat":"repeat","background-position":"center center","background-size":"auto","background-attachment":"scroll","background-type":"","background-media":"","overlay-type":"","overlay-color":"","overlay-opacity":"","overlay-gradient":""}},"ast-content-background-meta":{"desktop":{"background-color":"var(--ast-global-color-5)","background-image":"","background-repeat":"repeat","background-position":"center center","background-size":"auto","background-attachment":"scroll","background-type":"","background-media":"","overlay-type":"","overlay-color":"","overlay-opacity":"","overlay-gradient":""},"tablet":{"background-color":"var(--ast-global-color-5)","background-image":"","background-repeat":"repeat","background-position":"center center","background-size":"auto","background-attachment":"scroll","background-type":"","background-media":"","overlay-type":"","overlay-color":"","overlay-opacity":"","overlay-gradient":""},"mobile":{"background-color":"var(--ast-global-color-5)","background-image":"","background-repeat":"repeat","background-position":"center center","background-size":"auto","background-attachment":"scroll","background-type":"","background-media":"","overlay-type":"","overlay-color":"","overlay-opacity":"","overlay-gradient":""}},"footnotes":""},"class_list":["post-3659","page","type-page","status-publish","hentry"],"yoast_head":"<!-- This site is optimized with the Yoast SEO plugin v27.4 - https:\/\/yoast.com\/product\/yoast-seo-wordpress\/ -->\n<title>Terms and Conditions - \u00d6\u00d6HELK Helkurid<\/title>\n<meta name=\"robots\" content=\"index, follow, max-snippet:-1, max-image-preview:large, max-video-preview:-1\" \/>\n<link rel=\"canonical\" href=\"https:\/\/oohelk.ee\/en\/terms-and-conditions\/\" \/>\n<meta property=\"og:locale\" content=\"en_US\" \/>\n<meta property=\"og:type\" content=\"article\" \/>\n<meta property=\"og:title\" content=\"Terms and Conditions - \u00d6\u00d6HELK Helkurid\" \/>\n<meta property=\"og:description\" content=\"Terms and Conditions ONLINE STORE TERMS AND CONDITIONS The owner of the online store www.oohelk.ee (hereinafter referred to as the Online Store) is TAIM O\u00dc (registry code 17066078), located at Kaarna tn 27e Tallinn Harjumaa 12916. Validity of the Sales Agreement, Product and Price InformationThese terms and conditions apply to purchases made from the Online [&hellip;]\" \/>\n<meta property=\"og:url\" content=\"https:\/\/oohelk.ee\/en\/terms-and-conditions\/\" \/>\n<meta property=\"og:site_name\" content=\"\u00d6\u00d6HELK Helkurid\" \/>\n<meta property=\"article:modified_time\" content=\"2025-08-15T13:02:59+00:00\" \/>\n<meta name=\"twitter:card\" content=\"summary_large_image\" \/>\n<meta name=\"twitter:label1\" content=\"Est. reading time\" \/>\n\t<meta name=\"twitter:data1\" content=\"7 minutes\" \/>\n<script type=\"application\/ld+json\" class=\"yoast-schema-graph\">{\"@context\":\"https:\\\/\\\/schema.org\",\"@graph\":[{\"@type\":\"WebPage\",\"@id\":\"https:\\\/\\\/oohelk.ee\\\/en\\\/terms-and-conditions\\\/\",\"url\":\"https:\\\/\\\/oohelk.ee\\\/en\\\/terms-and-conditions\\\/\",\"name\":\"Terms and Conditions - \u00d6\u00d6HELK Helkurid\",\"isPartOf\":{\"@id\":\"https:\\\/\\\/oohelk.ee\\\/en\\\/#website\"},\"datePublished\":\"2023-11-13T04:13:40+00:00\",\"dateModified\":\"2025-08-15T13:02:59+00:00\",\"breadcrumb\":{\"@id\":\"https:\\\/\\\/oohelk.ee\\\/en\\\/terms-and-conditions\\\/#breadcrumb\"},\"inLanguage\":\"en-US\",\"potentialAction\":[{\"@type\":\"ReadAction\",\"target\":[\"https:\\\/\\\/oohelk.ee\\\/en\\\/terms-and-conditions\\\/\"]}]},{\"@type\":\"BreadcrumbList\",\"@id\":\"https:\\\/\\\/oohelk.ee\\\/en\\\/terms-and-conditions\\\/#breadcrumb\",\"itemListElement\":[{\"@type\":\"ListItem\",\"position\":1,\"name\":\"Home\",\"item\":\"https:\\\/\\\/oohelk.ee\\\/en\\\/\"},{\"@type\":\"ListItem\",\"position\":2,\"name\":\"Terms and Conditions\"}]},{\"@type\":\"WebSite\",\"@id\":\"https:\\\/\\\/oohelk.ee\\\/en\\\/#website\",\"url\":\"https:\\\/\\\/oohelk.ee\\\/en\\\/\",\"name\":\"\u00d6\u00d6HELK Helkurid\",\"description\":\"\",\"publisher\":{\"@id\":\"https:\\\/\\\/oohelk.ee\\\/en\\\/#organization\"},\"potentialAction\":[{\"@type\":\"SearchAction\",\"target\":{\"@type\":\"EntryPoint\",\"urlTemplate\":\"https:\\\/\\\/oohelk.ee\\\/en\\\/?s={search_term_string}\"},\"query-input\":{\"@type\":\"PropertyValueSpecification\",\"valueRequired\":true,\"valueName\":\"search_term_string\"}}],\"inLanguage\":\"en-US\"},{\"@type\":\"Organization\",\"@id\":\"https:\\\/\\\/oohelk.ee\\\/en\\\/#organization\",\"name\":\"\u00d6\u00d6HELK Helkurid\",\"url\":\"https:\\\/\\\/oohelk.ee\\\/en\\\/\",\"logo\":{\"@type\":\"ImageObject\",\"inLanguage\":\"en-US\",\"@id\":\"https:\\\/\\\/oohelk.ee\\\/en\\\/#\\\/schema\\\/logo\\\/image\\\/\",\"url\":\"https:\\\/\\\/oohelk.ee\\\/wp-content\\\/uploads\\\/2023\\\/08\\\/OOHELK-LOGO-VALGE.png\",\"contentUrl\":\"https:\\\/\\\/oohelk.ee\\\/wp-content\\\/uploads\\\/2023\\\/08\\\/OOHELK-LOGO-VALGE.png\",\"width\":1000,\"height\":1000,\"caption\":\"\u00d6\u00d6HELK Helkurid\"},\"image\":{\"@id\":\"https:\\\/\\\/oohelk.ee\\\/en\\\/#\\\/schema\\\/logo\\\/image\\\/\"}}]}<\/script>\n<!-- \/ Yoast SEO plugin. -->","yoast_head_json":{"title":"Terms and Conditions - \u00d6\u00d6HELK Helkurid","robots":{"index":"index","follow":"follow","max-snippet":"max-snippet:-1","max-image-preview":"max-image-preview:large","max-video-preview":"max-video-preview:-1"},"canonical":"https:\/\/oohelk.ee\/en\/terms-and-conditions\/","og_locale":"en_US","og_type":"article","og_title":"Terms and Conditions - \u00d6\u00d6HELK Helkurid","og_description":"Terms and Conditions ONLINE STORE TERMS AND CONDITIONS The owner of the online store www.oohelk.ee (hereinafter referred to as the Online Store) is TAIM O\u00dc (registry code 17066078), located at Kaarna tn 27e Tallinn Harjumaa 12916. Validity of the Sales Agreement, Product and Price InformationThese terms and conditions apply to purchases made from the Online [&hellip;]","og_url":"https:\/\/oohelk.ee\/en\/terms-and-conditions\/","og_site_name":"\u00d6\u00d6HELK Helkurid","article_modified_time":"2025-08-15T13:02:59+00:00","twitter_card":"summary_large_image","twitter_misc":{"Est. reading time":"7 minutes"},"schema":{"@context":"https:\/\/schema.org","@graph":[{"@type":"WebPage","@id":"https:\/\/oohelk.ee\/en\/terms-and-conditions\/","url":"https:\/\/oohelk.ee\/en\/terms-and-conditions\/","name":"Terms and Conditions - \u00d6\u00d6HELK Helkurid","isPartOf":{"@id":"https:\/\/oohelk.ee\/en\/#website"},"datePublished":"2023-11-13T04:13:40+00:00","dateModified":"2025-08-15T13:02:59+00:00","breadcrumb":{"@id":"https:\/\/oohelk.ee\/en\/terms-and-conditions\/#breadcrumb"},"inLanguage":"en-US","potentialAction":[{"@type":"ReadAction","target":["https:\/\/oohelk.ee\/en\/terms-and-conditions\/"]}]},{"@type":"BreadcrumbList","@id":"https:\/\/oohelk.ee\/en\/terms-and-conditions\/#breadcrumb","itemListElement":[{"@type":"ListItem","position":1,"name":"Home","item":"https:\/\/oohelk.ee\/en\/"},{"@type":"ListItem","position":2,"name":"Terms and Conditions"}]},{"@type":"WebSite","@id":"https:\/\/oohelk.ee\/en\/#website","url":"https:\/\/oohelk.ee\/en\/","name":"\u00d6\u00d6HELK Helkurid","description":"","publisher":{"@id":"https:\/\/oohelk.ee\/en\/#organization"},"potentialAction":[{"@type":"SearchAction","target":{"@type":"EntryPoint","urlTemplate":"https:\/\/oohelk.ee\/en\/?s={search_term_string}"},"query-input":{"@type":"PropertyValueSpecification","valueRequired":true,"valueName":"search_term_string"}}],"inLanguage":"en-US"},{"@type":"Organization","@id":"https:\/\/oohelk.ee\/en\/#organization","name":"\u00d6\u00d6HELK Helkurid","url":"https:\/\/oohelk.ee\/en\/","logo":{"@type":"ImageObject","inLanguage":"en-US","@id":"https:\/\/oohelk.ee\/en\/#\/schema\/logo\/image\/","url":"https:\/\/oohelk.ee\/wp-content\/uploads\/2023\/08\/OOHELK-LOGO-VALGE.png","contentUrl":"https:\/\/oohelk.ee\/wp-content\/uploads\/2023\/08\/OOHELK-LOGO-VALGE.png","width":1000,"height":1000,"caption":"\u00d6\u00d6HELK Helkurid"},"image":{"@id":"https:\/\/oohelk.ee\/en\/#\/schema\/logo\/image\/"}}]}},"jetpack_sharing_enabled":true,"_links":{"self":[{"href":"https:\/\/oohelk.ee\/en\/wp-json\/wp\/v2\/pages\/3659","targetHints":{"allow":["GET"]}}],"collection":[{"href":"https:\/\/oohelk.ee\/en\/wp-json\/wp\/v2\/pages"}],"about":[{"href":"https:\/\/oohelk.ee\/en\/wp-json\/wp\/v2\/types\/page"}],"author":[{"embeddable":true,"href":"https:\/\/oohelk.ee\/en\/wp-json\/wp\/v2\/users\/1"}],"replies":[{"embeddable":true,"href":"https:\/\/oohelk.ee\/en\/wp-json\/wp\/v2\/comments?post=3659"}],"version-history":[{"count":4,"href":"https:\/\/oohelk.ee\/en\/wp-json\/wp\/v2\/pages\/3659\/revisions"}],"predecessor-version":[{"id":3998,"href":"https:\/\/oohelk.ee\/en\/wp-json\/wp\/v2\/pages\/3659\/revisions\/3998"}],"wp:attachment":[{"href":"https:\/\/oohelk.ee\/en\/wp-json\/wp\/v2\/media?parent=3659"}],"curies":[{"name":"wp","href":"https:\/\/api.w.org\/{rel}","templated":true}]}}